{"id":617,"date":"2019-11-30T21:18:29","date_gmt":"2019-12-01T02:18:29","guid":{"rendered":"http:\/\/icoeps.org\/?page_id=617"},"modified":"2019-12-07T00:56:21","modified_gmt":"2019-12-07T05:56:21","slug":"all-members-welcome","status":"publish","type":"page","link":"https:\/\/icoeps.org\/es\/all-members-welcome\/","title":{"rendered":"Todos Los Miembros Son Bienvenidos!"},"content":{"rendered":"<div id=\"pl-gb617-69e79cdaf392d\"  class=\"panel-layout\" ><div id=\"pg-gb617-69e79cdaf392d-0\"  class=\"panel-grid panel-no-style\" ><div id=\"pgc-gb617-69e79cdaf392d-0-0\"  class=\"panel-grid-cell\" ><div id=\"panel-gb617-69e79cdaf392d-0-0-0\" class=\"so-panel widget widget_sow-editor panel-first-child panel-last-child\" data-index=\"0\" ><div\n\t\t\t\n\t\t\tclass=\"so-widget-sow-editor so-widget-sow-editor-base\"\n\t\t\t\n\t\t>\n<div class=\"siteorigin-widget-tinymce textwidget\">\n\t<p>Selecciona tu nivel de membres\u00eda para obtener acceso al contenido. O inicia sesi\u00f3n en esta p\u00e1gina.<\/p>\n<\/div>\n<\/div><\/div><\/div><\/div><div id=\"pg-gb617-69e79cdaf392d-1\"  class=\"panel-grid panel-has-style\" ><div class=\"panel-row-style panel-row-style-for-gb617-69e79cdaf392d-1\" ><div id=\"pgc-gb617-69e79cdaf392d-1-0\"  class=\"panel-grid-cell\" ><div class=\"panel-cell-style panel-cell-style-for-gb617-69e79cdaf392d-1-0\" ><div id=\"panel-gb617-69e79cdaf392d-1-0-0\" class=\"so-panel widget widget_sow-editor panel-first-child\" data-index=\"1\" ><div\n\t\t\t\n\t\t\tclass=\"so-widget-sow-editor so-widget-sow-editor-base\"\n\t\t\t\n\t\t>\n<div class=\"siteorigin-widget-tinymce textwidget\">\n\t<p><a href=\"https:\/\/icoeps.org\/es\/green-members-welcome\/\"><img loading=\"lazy\" decoding=\"async\" class=\"aligncenter size-full wp-image-711\" src=\"http:\/\/icoeps.org\/wp-content\/uploads\/2019\/12\/green-member-level.png\" alt=\"\" width=\"300\" height=\"40\" \/><\/a><\/p>\n<p style=\"text-align: center;\">Nivel est\u00e1ndar con gran cantidad de contenidos<\/p>\n<\/div>\n<\/div><\/div><div id=\"panel-gb617-69e79cdaf392d-1-0-1\" class=\"so-panel widget widget_sow-button panel-last-child\" data-index=\"2\" ><div\n\t\t\t\n\t\t\tclass=\"so-widget-sow-button so-widget-sow-button-flat-7bfd70d89c07-617\"\n\t\t\t\n\t\t><div class=\"ow-button-base ow-button-align-center\"\n>\n\t\t\t<a\n\t\t\t\t\thref=\"https:\/\/icoeps.org\/es\/green-members-welcome\/\"\n\t\t\t\t\tclass=\"sowb-button ow-icon-placement-left ow-button-hover\" \t>\n\t\t<span>\n\t\t\t\n\t\t\tEntrar Ahora!\t\t<\/span>\n\t\t\t<\/a>\n\t<\/div>\n<\/div><\/div><\/div><\/div><div id=\"pgc-gb617-69e79cdaf392d-1-1\"  class=\"panel-grid-cell\" ><div class=\"panel-cell-style panel-cell-style-for-gb617-69e79cdaf392d-1-1\" ><div id=\"panel-gb617-69e79cdaf392d-1-1-0\" class=\"so-panel widget widget_sow-editor panel-first-child\" data-index=\"3\" ><div\n\t\t\t\n\t\t\tclass=\"so-widget-sow-editor so-widget-sow-editor-base\"\n\t\t\t\n\t\t>\n<div class=\"siteorigin-widget-tinymce textwidget\">\n\t<p><a href=\"https:\/\/icoeps.org\/es\/gold-members-welcome\/\"><img loading=\"lazy\" decoding=\"async\" class=\"aligncenter size-full wp-image-712\" src=\"http:\/\/icoeps.org\/wp-content\/uploads\/2019\/12\/gold-member-level.png\" alt=\"\" width=\"300\" height=\"40\" \/><\/a><\/p>\n<p style=\"text-align: center;\">Nivel Premium. M\u00e1s opciones de promoci\u00f3n<\/p>\n<\/div>\n<\/div><\/div><div id=\"panel-gb617-69e79cdaf392d-1-1-1\" class=\"so-panel widget widget_sow-button panel-last-child\" data-index=\"4\" ><div\n\t\t\t\n\t\t\tclass=\"so-widget-sow-button so-widget-sow-button-flat-3d2be1a0bb33-617\"\n\t\t\t\n\t\t><div class=\"ow-button-base ow-button-align-center\"\n>\n\t\t\t<a\n\t\t\t\t\thref=\"https:\/\/icoeps.org\/es\/gold-members-welcome\/\"\n\t\t\t\t\tclass=\"sowb-button ow-icon-placement-left ow-button-hover\" \t>\n\t\t<span>\n\t\t\t\n\t\t\tEntrar Ahora!\t\t<\/span>\n\t\t\t<\/a>\n\t<\/div>\n<\/div><\/div><\/div><\/div><\/div><\/div><div id=\"pg-gb617-69e79cdaf392d-2\"  class=\"panel-grid panel-has-style\" ><div class=\"panel-row-style panel-row-style-for-gb617-69e79cdaf392d-2\" ><div id=\"pgc-gb617-69e79cdaf392d-2-0\"  class=\"panel-grid-cell\" ><div class=\"panel-cell-style panel-cell-style-for-gb617-69e79cdaf392d-2-0\" ><div id=\"panel-gb617-69e79cdaf392d-2-0-0\" class=\"so-panel widget widget_sow-editor panel-first-child\" data-index=\"5\" ><div\n\t\t\t\n\t\t\tclass=\"so-widget-sow-editor so-widget-sow-editor-base\"\n\t\t\t\n\t\t>\n<div class=\"siteorigin-widget-tinymce textwidget\">\n\t<p><a href=\"https:\/\/icoeps.org\/es\/blue-members-welcome\/\"><img loading=\"lazy\" decoding=\"async\" class=\"aligncenter size-full wp-image-713\" src=\"http:\/\/icoeps.org\/wp-content\/uploads\/2019\/12\/blue-member-level.png\" alt=\"\" width=\"300\" height=\"40\" \/><\/a><\/p>\n<p style=\"text-align: center;\">Negocios y Escuelas.<br \/>\nMejor v\u00eda para crecer<\/p>\n<\/div>\n<\/div><\/div><div id=\"panel-gb617-69e79cdaf392d-2-0-1\" class=\"so-panel widget widget_sow-button panel-last-child\" data-index=\"6\" ><div\n\t\t\t\n\t\t\tclass=\"so-widget-sow-button so-widget-sow-button-flat-372b69943631-617\"\n\t\t\t\n\t\t><div class=\"ow-button-base ow-button-align-center\"\n>\n\t\t\t<a\n\t\t\t\t\thref=\"https:\/\/icoeps.org\/es\/blue-members-welcome\/\"\n\t\t\t\t\tclass=\"sowb-button ow-icon-placement-left ow-button-hover\" \t>\n\t\t<span>\n\t\t\t\n\t\t\tEntrar Ahora!\t\t<\/span>\n\t\t\t<\/a>\n\t<\/div>\n<\/div><\/div><\/div><\/div><div id=\"pgc-gb617-69e79cdaf392d-2-1\"  class=\"panel-grid-cell\" ><div class=\"panel-cell-style panel-cell-style-for-gb617-69e79cdaf392d-2-1\" ><div id=\"panel-gb617-69e79cdaf392d-2-1-0\" class=\"so-panel widget widget_sow-editor panel-first-child\" data-index=\"7\" ><div\n\t\t\t\n\t\t\tclass=\"so-widget-sow-editor so-widget-sow-editor-base\"\n\t\t\t\n\t\t>\n<div class=\"siteorigin-widget-tinymce textwidget\">\n\t<p><a href=\"https:\/\/icoeps.org\/es\/team-members-welcome\/\"><img loading=\"lazy\" decoding=\"async\" class=\"aligncenter size-full wp-image-728\" src=\"http:\/\/icoeps.org\/wp-content\/uploads\/2019\/12\/team-member-level.png\" alt=\"\" width=\"300\" height=\"40\" \/><\/a><\/p>\n<p style=\"text-align: center;\">Equipo y Contribuidores de iCOEPS.<br \/>Gente trabajando para todos<\/p>\n<\/div>\n<\/div><\/div><div id=\"panel-gb617-69e79cdaf392d-2-1-1\" class=\"so-panel widget widget_sow-button panel-last-child\" data-index=\"8\" ><div\n\t\t\t\n\t\t\tclass=\"so-widget-sow-button so-widget-sow-button-flat-76b4731e1dbe-617\"\n\t\t\t\n\t\t><div class=\"ow-button-base ow-button-align-center\"\n>\n\t\t\t<a\n\t\t\t\t\thref=\"https:\/\/icoeps.org\/es\/team-members-welcome\/\"\n\t\t\t\t\tclass=\"sowb-button ow-icon-placement-left ow-button-hover\" \t>\n\t\t<span>\n\t\t\t\n\t\t\tEntrar Ahora!\t\t<\/span>\n\t\t\t<\/a>\n\t<\/div>\n<\/div><\/div><\/div><\/div><\/div><\/div><\/div>","protected":false},"excerpt":{"rendered":"","protected":false},"author":1,"featured_media":0,"parent":0,"menu_order":0,"comment_status":"closed","ping_status":"closed","template":"","meta":{"footnotes":""},"class_list":["post-617","page","type-page","status-publish","hentry"],"aioseo_notices":[],"_links":{"self":[{"href":"https:\/\/icoeps.org\/es\/wp-json\/wp\/v2\/pages\/617","targetHints":{"allow":["GET"]}}],"collection":[{"href":"https:\/\/icoeps.org\/es\/wp-json\/wp\/v2\/pages"}],"about":[{"href":"https:\/\/icoeps.org\/es\/wp-json\/wp\/v2\/types\/page"}],"author":[{"embeddable":true,"href":"https:\/\/icoeps.org\/es\/wp-json\/wp\/v2\/users\/1"}],"replies":[{"embeddable":true,"href":"https:\/\/icoeps.org\/es\/wp-json\/wp\/v2\/comments?post=617"}],"version-history":[{"count":39,"href":"https:\/\/icoeps.org\/es\/wp-json\/wp\/v2\/pages\/617\/revisions"}],"predecessor-version":[{"id":900,"href":"https:\/\/icoeps.org\/es\/wp-json\/wp\/v2\/pages\/617\/revisions\/900"}],"wp:attachment":[{"href":"https:\/\/icoeps.org\/es\/wp-json\/wp\/v2\/media?parent=617"}],"curies":[{"name":"wp","href":"https:\/\/api.w.org\/{rel}","templated":true}]}}