{"id":524,"date":"2019-11-30T01:29:36","date_gmt":"2019-11-30T06:29:36","guid":{"rendered":"http:\/\/icoeps.org\/?page_id=524"},"modified":"2019-12-23T01:13:59","modified_gmt":"2019-12-23T06:13:59","slug":"membership-join","status":"publish","type":"page","link":"https:\/\/icoeps.org\/es\/membership-join\/","title":{"rendered":"Join Us"},"content":{"rendered":"<div id=\"pl-gb524-69ec95985885d\"  class=\"panel-layout\" ><div id=\"pg-gb524-69ec95985885d-0\"  class=\"panel-grid panel-no-style\" ><div id=\"pgc-gb524-69ec95985885d-0-0\"  class=\"panel-grid-cell panel-grid-cell-empty\" ><\/div><div id=\"pgc-gb524-69ec95985885d-0-1\"  class=\"panel-grid-cell panel-grid-cell-mobile-last\" ><div id=\"panel-gb524-69ec95985885d-0-1-0\" class=\"so-panel widget widget_sow-editor panel-first-child panel-last-child\" data-index=\"0\" ><div\n\t\t\t\n\t\t\tclass=\"so-widget-sow-editor so-widget-sow-editor-base\"\n\t\t\t\n\t\t>\n<div class=\"siteorigin-widget-tinymce textwidget\">\n\t<h1>Selecciona tu membres\u00eda<\/h1>\n<p>Estamos muy contentos de tenerte aqu\u00ed listo(a) para recibir tu membres\u00eda. Por favor, aseg\u00farate de tener claros los diferentes niveles de membres\u00eda, sus requisitos y beneficios marcados en la <a href=\"https:\/\/icoeps.org\/es\/membership\/\">p\u00e1gina de membres\u00eda<\/a>. Luego, elige tu selecci\u00f3n.<\/p>\n<p style=\"text-align: center;\"><img loading=\"lazy\" decoding=\"async\" class=\"alignnone size-full wp-image-559 aligncenter\" src=\"http:\/\/icoeps.org\/wp-content\/uploads\/2019\/11\/ssl-lock.jpg\" alt=\"secure by paypal\" width=\"350\" height=\"120\" srcset=\"https:\/\/icoeps.org\/wp-content\/uploads\/2019\/11\/ssl-lock.jpg 350w, https:\/\/icoeps.org\/wp-content\/uploads\/2019\/11\/ssl-lock-300x103.jpg 300w\" sizes=\"auto, (max-width: 350px) 100vw, 350px\" \/><br \/>\n<small>Despu\u00e9s de presionar el bot\u00f3n de suscripci\u00f3n, se te enviar\u00e1 a una p\u00e1gina segura de procesamiento cifrado SSL.<\/small><\/p>\n<\/div>\n<\/div><\/div><\/div><div id=\"pgc-gb524-69ec95985885d-0-2\"  class=\"panel-grid-cell panel-grid-cell-empty\" ><\/div><\/div><div id=\"pg-gb524-69ec95985885d-1\"  class=\"panel-grid panel-no-style\" ><div id=\"pgc-gb524-69ec95985885d-1-0\"  class=\"panel-grid-cell panel-grid-cell-empty\" ><div class=\"panel-cell-style panel-cell-style-for-gb524-69ec95985885d-1-0\" ><\/div><\/div><div id=\"pgc-gb524-69ec95985885d-1-1\"  class=\"panel-grid-cell\" ><div class=\"panel-cell-style panel-cell-style-for-gb524-69ec95985885d-1-1\" ><div id=\"panel-gb524-69ec95985885d-1-1-0\" class=\"so-panel widget widget_sow-editor panel-first-child panel-last-child\" data-index=\"1\" ><div\n\t\t\t\n\t\t\tclass=\"so-widget-sow-editor so-widget-sow-editor-base\"\n\t\t\t\n\t\t>\n<div class=\"siteorigin-widget-tinymce textwidget\">\n\t<p id=\"annual-green-membership\" style=\"text-align: left;\">Para practicantes nuevos<br \/>\n<strong>Membres\u00eda Green Anual<\/strong><br \/>\nTan baja como<\/p>\n<h3 style=\"text-align: left;\">US$9.99 \/mes<\/h3>\n<p style=\"text-align: left;\"><small>Cuando pagas 12 meses adelantados<\/small><\/p>\n<div class=\"swpm-payment-button\">\n<div class=\"swpm-button-wrapper swpm-pp-subscription-wrapper\">\n<form action=\"https:\/\/www.paypal.com\/cgi-bin\/webscr\" method=\"post\" ><input type=\"hidden\" name=\"cmd\" value=\"_xclick-subscriptions\" \/><input type=\"hidden\" name=\"charset\" value=\"utf-8\" \/><input type=\"hidden\" name=\"bn\" value=\"TipsandTricks_SP\" \/><input type=\"hidden\" name=\"business\" value=\"admin@icoeps.org\" \/><input type=\"hidden\" name=\"currency_code\" value=\"USD\" \/><input type=\"hidden\" name=\"item_number\" value=\"1001\" \/><input type=\"hidden\" name=\"item_name\" value=\"Annual Green Membership 50%\" \/><input type=\"hidden\" name=\"a3\" value=\"59.94\" \/><input type=\"hidden\" name=\"p3\" value=\"12\" \/><input type=\"hidden\" name=\"t3\" value=\"M\" \/><input type=\"hidden\" name=\"sra\" value=\"1\" \/><input type=\"hidden\" name=\"src\" value=\"1\" \/><input type=\"hidden\" name=\"no_shipping\" value=\"1\" \/><input type=\"hidden\" name=\"notify_url\" value=\"https:\/\/icoeps.org\/?swpm_process_ipn=1\" \/><input type=\"hidden\" name=\"return\" value=\"https:\/\/icoeps.org\/membership-application\/\" \/><input type=\"hidden\" name=\"cancel_return\" value=\"https:\/\/icoeps.org\" \/><input type=\"hidden\" name=\"custom\" value=\"subsc_ref%3D2%26user_ip%3D216.73.217.38\" \/><input type=\"hidden\" name=\"image_url\" value=\"https:\/\/icoeps.org\/wp-content\/uploads\/2019\/11\/icoeps-paypal-checkout.png\" \/><input type=\"image\" src=\"https:\/\/icoeps.org\/wp-content\/uploads\/2019\/12\/subscribe-button-50Off.png\" class=\"swpm-subscription-button-submit\" alt=\"Suscr\u00edbete ahora\"\/><\/form>\n<\/div>\n<\/div>\n<div class=\"swpm-payment-button\">\n<div class=\"swpm-button-wrapper swpm-pp-subscription-wrapper\">\n<form action=\"https:\/\/www.paypal.com\/cgi-bin\/webscr\" method=\"post\" ><input type=\"hidden\" name=\"cmd\" value=\"_xclick-subscriptions\" \/><input type=\"hidden\" name=\"charset\" value=\"utf-8\" \/><input type=\"hidden\" name=\"bn\" value=\"TipsandTricks_SP\" \/><input type=\"hidden\" name=\"business\" value=\"admin@icoeps.org\" \/><input type=\"hidden\" name=\"currency_code\" value=\"USD\" \/><input type=\"hidden\" name=\"item_number\" value=\"521\" \/><input type=\"hidden\" name=\"item_name\" value=\"12 Months Green Membership\" \/><input type=\"hidden\" name=\"a3\" value=\"119.88\" \/><input type=\"hidden\" name=\"p3\" value=\"12\" \/><input type=\"hidden\" name=\"t3\" value=\"M\" \/><input type=\"hidden\" name=\"sra\" value=\"1\" \/><input type=\"hidden\" name=\"src\" value=\"1\" \/><input type=\"hidden\" name=\"no_shipping\" value=\"1\" \/><input type=\"hidden\" name=\"notify_url\" value=\"https:\/\/icoeps.org\/?swpm_process_ipn=1\" \/><input type=\"hidden\" name=\"return\" value=\"https:\/\/icoeps.org\/membership-application\/\" \/><input type=\"hidden\" name=\"cancel_return\" value=\"https:\/\/icoeps.org\" \/><input type=\"hidden\" name=\"custom\" value=\"subsc_ref%3D2%26user_ip%3D216.73.217.38\" \/><input type=\"hidden\" name=\"image_url\" value=\"https:\/\/icoeps.org\/wp-content\/uploads\/2019\/11\/icoeps-paypal-checkout.png\" \/><input type=\"image\" src=\"https:\/\/icoeps.org\/wp-content\/uploads\/2019\/11\/subscribe-button.png\" class=\"swpm-subscription-button-submit\" alt=\"Suscr\u00edbete ahora\"\/><\/form>\n<\/div>\n<\/div>\n<div style=\"text-align: center;\"><small>Al proceder aceptas nuestra<br \/><a href=\"https:\/\/icoeps.org\/es\/privacy-policy\/\">pol\u00edtica de privacidad<\/a> &#8211; <a href=\"https:\/\/icoeps.org\/es\/terms-of-services\/\">t\u00e9rminos<\/a>.<\/small><\/div>\n<\/div>\n<\/div><\/div><\/div><\/div><div id=\"pgc-gb524-69ec95985885d-1-2\"  class=\"panel-grid-cell panel-grid-cell-mobile-last\" ><div class=\"panel-cell-style panel-cell-style-for-gb524-69ec95985885d-1-2\" ><div id=\"panel-gb524-69ec95985885d-1-2-0\" class=\"so-panel widget widget_sow-editor panel-first-child panel-last-child\" data-index=\"2\" ><div\n\t\t\t\n\t\t\tclass=\"so-widget-sow-editor so-widget-sow-editor-base\"\n\t\t\t\n\t\t>\n<div class=\"siteorigin-widget-tinymce textwidget\">\n\t<p style=\"text-align: left;\">Para practicantes nuevos<br \/>\n<strong>Membres\u00eda Green Mensual<\/strong><br \/>\nTan baja como<\/p>\n<h3 style=\"text-align: left;\">US$11.99 \/mes<\/h3>\n<p style=\"text-align: left;\"><small>Cuando pagas mes a mes<\/small><\/p>\n<div class=\"swpm-payment-button\">\n<div class=\"swpm-button-wrapper swpm-pp-subscription-wrapper\">\n<form action=\"https:\/\/www.paypal.com\/cgi-bin\/webscr\" method=\"post\" ><input type=\"hidden\" name=\"cmd\" value=\"_xclick-subscriptions\" \/><input type=\"hidden\" name=\"charset\" value=\"utf-8\" \/><input type=\"hidden\" name=\"bn\" value=\"TipsandTricks_SP\" \/><input type=\"hidden\" name=\"business\" value=\"admin@icoeps.org\" \/><input type=\"hidden\" name=\"currency_code\" value=\"USD\" \/><input type=\"hidden\" name=\"item_number\" value=\"1004\" \/><input type=\"hidden\" name=\"item_name\" value=\"Monthly Green Membership 50%\" \/><input type=\"hidden\" name=\"a3\" value=\"6\" \/><input type=\"hidden\" name=\"p3\" value=\"1\" \/><input type=\"hidden\" name=\"t3\" value=\"M\" \/><input type=\"hidden\" name=\"sra\" value=\"1\" \/><input type=\"hidden\" name=\"src\" value=\"1\" \/><input type=\"hidden\" name=\"no_shipping\" value=\"1\" \/><input type=\"hidden\" name=\"notify_url\" value=\"https:\/\/icoeps.org\/?swpm_process_ipn=1\" \/><input type=\"hidden\" name=\"return\" value=\"https:\/\/icoeps.org\/membership-application\/\" \/><input type=\"hidden\" name=\"cancel_return\" value=\"https:\/\/icoeps.org\" \/><input type=\"hidden\" name=\"custom\" value=\"subsc_ref%3D6%26user_ip%3D216.73.217.38\" \/><input type=\"hidden\" name=\"image_url\" value=\"https:\/\/icoeps.org\/wp-content\/uploads\/2019\/11\/icoeps-paypal-checkout.png\" \/><input type=\"image\" src=\"https:\/\/icoeps.org\/wp-content\/uploads\/2019\/12\/subscribe-button-50Off.png\" class=\"swpm-subscription-button-submit\" alt=\"Suscr\u00edbete ahora\"\/><\/form>\n<\/div>\n<\/div>\n<div class=\"swpm-payment-button\">\n<div class=\"swpm-button-wrapper swpm-pp-subscription-wrapper\">\n<form action=\"https:\/\/www.paypal.com\/cgi-bin\/webscr\" method=\"post\" ><input type=\"hidden\" name=\"cmd\" value=\"_xclick-subscriptions\" \/><input type=\"hidden\" name=\"charset\" value=\"utf-8\" \/><input type=\"hidden\" name=\"bn\" value=\"TipsandTricks_SP\" \/><input type=\"hidden\" name=\"business\" value=\"admin@icoeps.org\" \/><input type=\"hidden\" name=\"currency_code\" value=\"USD\" \/><input type=\"hidden\" name=\"item_number\" value=\"545\" \/><input type=\"hidden\" name=\"item_name\" value=\"1 Month Green Membership\" \/><input type=\"hidden\" name=\"a3\" value=\"11.99\" \/><input type=\"hidden\" name=\"p3\" value=\"1\" \/><input type=\"hidden\" name=\"t3\" value=\"M\" \/><input type=\"hidden\" name=\"sra\" value=\"1\" \/><input type=\"hidden\" name=\"src\" value=\"1\" \/><input type=\"hidden\" name=\"no_shipping\" value=\"1\" \/><input type=\"hidden\" name=\"notify_url\" value=\"https:\/\/icoeps.org\/?swpm_process_ipn=1\" \/><input type=\"hidden\" name=\"return\" value=\"https:\/\/icoeps.org\/membership-application\/\" \/><input type=\"hidden\" name=\"cancel_return\" value=\"https:\/\/icoeps.org\" \/><input type=\"hidden\" name=\"custom\" value=\"subsc_ref%3D6%26user_ip%3D216.73.217.38\" \/><input type=\"hidden\" name=\"image_url\" value=\"https:\/\/icoeps.org\/wp-content\/uploads\/2019\/11\/icoeps-paypal-checkout.png\" \/><input type=\"image\" src=\"https:\/\/icoeps.org\/wp-content\/uploads\/2019\/11\/subscribe-button.png\" class=\"swpm-subscription-button-submit\" alt=\"Suscr\u00edbete ahora\"\/><\/form>\n<\/div>\n<\/div>\n<div style=\"text-align: center;\"><small>Al proceder aceptas nuestra<br \/><a href=\"https:\/\/icoeps.org\/es\/privacy-policy\/\">pol\u00edtica de privacidad<\/a> &#8211; <a href=\"https:\/\/icoeps.org\/es\/terms-of-services\/\">t\u00e9rminos<\/a>.<\/small><\/div>\n<\/div>\n<\/div><\/div><\/div><\/div><div id=\"pgc-gb524-69ec95985885d-1-3\"  class=\"panel-grid-cell panel-grid-cell-empty\" ><\/div><\/div><div id=\"pg-gb524-69ec95985885d-2\"  class=\"panel-grid panel-no-style\" ><div id=\"pgc-gb524-69ec95985885d-2-0\"  class=\"panel-grid-cell panel-grid-cell-empty\" ><div class=\"panel-cell-style panel-cell-style-for-gb524-69ec95985885d-2-0\" ><\/div><\/div><div id=\"pgc-gb524-69ec95985885d-2-1\"  class=\"panel-grid-cell\" ><div class=\"panel-cell-style panel-cell-style-for-gb524-69ec95985885d-2-1\" ><div id=\"panel-gb524-69ec95985885d-2-1-0\" class=\"so-panel widget widget_sow-editor panel-first-child panel-last-child\" data-index=\"3\" ><div\n\t\t\t\n\t\t\tclass=\"so-widget-sow-editor so-widget-sow-editor-base\"\n\t\t\t\n\t\t>\n<div class=\"siteorigin-widget-tinymce textwidget\">\n\t<p id=\"annual-gold-membership\" style=\"text-align: left;\">Para obtener m\u00e1s promoci\u00f3n<br \/>\n<strong>Membres\u00eda Gold Anual<\/strong><br \/>\nTan baja como<\/p>\n<h3 style=\"text-align: left;\">US$11.99 \/mes<\/h3>\n<p style=\"text-align: left;\"><small>Cuando pagas 12 meses adelantados<\/small><\/p>\n<div class=\"swpm-payment-button\">\n<div class=\"swpm-button-wrapper swpm-pp-subscription-wrapper\">\n<form action=\"https:\/\/www.paypal.com\/cgi-bin\/webscr\" method=\"post\" ><input type=\"hidden\" name=\"cmd\" value=\"_xclick-subscriptions\" \/><input type=\"hidden\" name=\"charset\" value=\"utf-8\" \/><input type=\"hidden\" name=\"bn\" value=\"TipsandTricks_SP\" \/><input type=\"hidden\" name=\"business\" value=\"admin@icoeps.org\" \/><input type=\"hidden\" name=\"currency_code\" value=\"USD\" \/><input type=\"hidden\" name=\"item_number\" value=\"1006\" \/><input type=\"hidden\" name=\"item_name\" value=\"Annual Gold Membership 50%\" \/><input type=\"hidden\" name=\"a3\" value=\"71.94\" \/><input type=\"hidden\" name=\"p3\" value=\"12\" \/><input type=\"hidden\" name=\"t3\" value=\"M\" \/><input type=\"hidden\" name=\"sra\" value=\"1\" \/><input type=\"hidden\" name=\"src\" value=\"1\" \/><input type=\"hidden\" name=\"no_shipping\" value=\"1\" \/><input type=\"hidden\" name=\"notify_url\" value=\"https:\/\/icoeps.org\/?swpm_process_ipn=1\" \/><input type=\"hidden\" name=\"return\" value=\"https:\/\/icoeps.org\/membership-application\/\" \/><input type=\"hidden\" name=\"cancel_return\" value=\"https:\/\/icoeps.org\" \/><input type=\"hidden\" name=\"custom\" value=\"subsc_ref%3D3%26user_ip%3D216.73.217.38\" \/><input type=\"hidden\" name=\"image_url\" value=\"https:\/\/icoeps.org\/wp-content\/uploads\/2019\/11\/icoeps-paypal-checkout.png\" \/><input type=\"image\" src=\"https:\/\/icoeps.org\/wp-content\/uploads\/2019\/12\/subscribe-button-50Off.png\" class=\"swpm-subscription-button-submit\" alt=\"Suscr\u00edbete ahora\"\/><\/form>\n<\/div>\n<\/div>\n<div class=\"swpm-payment-button\">\n<div class=\"swpm-button-wrapper swpm-pp-subscription-wrapper\">\n<form action=\"https:\/\/www.paypal.com\/cgi-bin\/webscr\" method=\"post\" ><input type=\"hidden\" name=\"cmd\" value=\"_xclick-subscriptions\" \/><input type=\"hidden\" name=\"charset\" value=\"utf-8\" \/><input type=\"hidden\" name=\"bn\" value=\"TipsandTricks_SP\" \/><input type=\"hidden\" name=\"business\" value=\"admin@icoeps.org\" \/><input type=\"hidden\" name=\"currency_code\" value=\"USD\" \/><input type=\"hidden\" name=\"item_number\" value=\"569\" \/><input type=\"hidden\" name=\"item_name\" value=\"12 Months Gold Membership\" \/><input type=\"hidden\" name=\"a3\" value=\"143.88\" \/><input type=\"hidden\" name=\"p3\" value=\"12\" \/><input type=\"hidden\" name=\"t3\" value=\"M\" \/><input type=\"hidden\" name=\"sra\" value=\"1\" \/><input type=\"hidden\" name=\"src\" value=\"1\" \/><input type=\"hidden\" name=\"no_shipping\" value=\"1\" \/><input type=\"hidden\" name=\"notify_url\" value=\"https:\/\/icoeps.org\/?swpm_process_ipn=1\" \/><input type=\"hidden\" name=\"return\" value=\"https:\/\/icoeps.org\/membership-application\/\" \/><input type=\"hidden\" name=\"cancel_return\" value=\"https:\/\/icoeps.org\" \/><input type=\"hidden\" name=\"custom\" value=\"subsc_ref%3D3%26user_ip%3D216.73.217.38\" \/><input type=\"hidden\" name=\"image_url\" value=\"https:\/\/icoeps.org\/wp-content\/uploads\/2019\/11\/icoeps-paypal-checkout.png\" \/><input type=\"image\" src=\"https:\/\/icoeps.org\/wp-content\/uploads\/2019\/11\/subscribe-button.png\" class=\"swpm-subscription-button-submit\" alt=\"Suscr\u00edbete ahora\"\/><\/form>\n<\/div>\n<\/div>\n<div style=\"text-align: center;\"><small>Al proceder aceptas nuestra<br \/><a href=\"https:\/\/icoeps.org\/es\/privacy-policy\/\">pol\u00edtica de privacidad<\/a> &#8211; <a href=\"https:\/\/icoeps.org\/es\/terms-of-services\/\">t\u00e9rminos<\/a>.<\/small><\/div>\n<\/div>\n<\/div><\/div><\/div><\/div><div id=\"pgc-gb524-69ec95985885d-2-2\"  class=\"panel-grid-cell panel-grid-cell-mobile-last\" ><div class=\"panel-cell-style panel-cell-style-for-gb524-69ec95985885d-2-2\" ><div id=\"panel-gb524-69ec95985885d-2-2-0\" class=\"so-panel widget widget_sow-editor panel-first-child panel-last-child\" data-index=\"4\" ><div\n\t\t\t\n\t\t\tclass=\"so-widget-sow-editor so-widget-sow-editor-base\"\n\t\t\t\n\t\t>\n<div class=\"siteorigin-widget-tinymce textwidget\">\n\t<p style=\"text-align: left;\">Para obtener m\u00e1s promoci\u00f3n<br \/>\n<strong>Membres\u00eda Gold Mensual<\/strong><br \/>\nTan baja como<\/p>\n<h3 style=\"text-align: left;\">US$14.39 \/mes<\/h3>\n<p style=\"text-align: left;\"><small>Cuando pagas mes a mes<\/small><\/p>\n<div class=\"swpm-payment-button\">\n<div class=\"swpm-button-wrapper swpm-pp-subscription-wrapper\">\n<form action=\"https:\/\/www.paypal.com\/cgi-bin\/webscr\" method=\"post\" ><input type=\"hidden\" name=\"cmd\" value=\"_xclick-subscriptions\" \/><input type=\"hidden\" name=\"charset\" value=\"utf-8\" \/><input type=\"hidden\" name=\"bn\" value=\"TipsandTricks_SP\" \/><input type=\"hidden\" name=\"business\" value=\"admin@icoeps.org\" \/><input type=\"hidden\" name=\"currency_code\" value=\"USD\" \/><input type=\"hidden\" name=\"item_number\" value=\"1008\" \/><input type=\"hidden\" name=\"item_name\" value=\"Monthly Gold Membership 50%\" \/><input type=\"hidden\" name=\"a3\" value=\"7.19\" \/><input type=\"hidden\" name=\"p3\" value=\"1\" \/><input type=\"hidden\" name=\"t3\" value=\"M\" \/><input type=\"hidden\" name=\"sra\" value=\"1\" \/><input type=\"hidden\" name=\"src\" value=\"1\" \/><input type=\"hidden\" name=\"no_shipping\" value=\"1\" \/><input type=\"hidden\" name=\"notify_url\" value=\"https:\/\/icoeps.org\/?swpm_process_ipn=1\" \/><input type=\"hidden\" name=\"return\" value=\"https:\/\/icoeps.org\/membership-application\/\" \/><input type=\"hidden\" name=\"cancel_return\" value=\"https:\/\/icoeps.org\" \/><input type=\"hidden\" name=\"custom\" value=\"subsc_ref%3D7%26user_ip%3D216.73.217.38\" \/><input type=\"hidden\" name=\"image_url\" value=\"https:\/\/icoeps.org\/wp-content\/uploads\/2019\/11\/icoeps-paypal-checkout.png\" \/><input type=\"image\" src=\"https:\/\/icoeps.org\/wp-content\/uploads\/2019\/12\/subscribe-button-50Off.png\" class=\"swpm-subscription-button-submit\" alt=\"Suscr\u00edbete ahora\"\/><\/form>\n<\/div>\n<\/div>\n<div class=\"swpm-payment-button\">\n<div class=\"swpm-button-wrapper swpm-pp-subscription-wrapper\">\n<form action=\"https:\/\/www.paypal.com\/cgi-bin\/webscr\" method=\"post\" ><input type=\"hidden\" name=\"cmd\" value=\"_xclick-subscriptions\" \/><input type=\"hidden\" name=\"charset\" value=\"utf-8\" \/><input type=\"hidden\" name=\"bn\" value=\"TipsandTricks_SP\" \/><input type=\"hidden\" name=\"business\" value=\"admin@icoeps.org\" \/><input type=\"hidden\" name=\"currency_code\" value=\"USD\" \/><input type=\"hidden\" name=\"item_number\" value=\"570\" \/><input type=\"hidden\" name=\"item_name\" value=\"1 Month Gold Membership\" \/><input type=\"hidden\" name=\"a3\" value=\"14.39\" \/><input type=\"hidden\" name=\"p3\" value=\"1\" \/><input type=\"hidden\" name=\"t3\" value=\"M\" \/><input type=\"hidden\" name=\"sra\" value=\"1\" \/><input type=\"hidden\" name=\"src\" value=\"1\" \/><input type=\"hidden\" name=\"no_shipping\" value=\"1\" \/><input type=\"hidden\" name=\"notify_url\" value=\"https:\/\/icoeps.org\/?swpm_process_ipn=1\" \/><input type=\"hidden\" name=\"return\" value=\"https:\/\/icoeps.org\/membership-application\/\" \/><input type=\"hidden\" name=\"cancel_return\" value=\"https:\/\/icoeps.org\" \/><input type=\"hidden\" name=\"custom\" value=\"subsc_ref%3D7%26user_ip%3D216.73.217.38\" \/><input type=\"hidden\" name=\"image_url\" value=\"https:\/\/icoeps.org\/wp-content\/uploads\/2019\/11\/icoeps-paypal-checkout.png\" \/><input type=\"image\" src=\"https:\/\/icoeps.org\/wp-content\/uploads\/2019\/11\/subscribe-button.png\" class=\"swpm-subscription-button-submit\" alt=\"Suscr\u00edbete ahora\"\/><\/form>\n<\/div>\n<\/div>\n<div style=\"text-align: center;\"><small>Al proceder aceptas nuestra<br \/><a href=\"https:\/\/icoeps.org\/es\/privacy-policy\/\">pol\u00edtica de privacidad<\/a> &#8211; <a href=\"https:\/\/icoeps.org\/es\/terms-of-services\/\">t\u00e9rminos<\/a>.<\/small><\/div>\n<\/div>\n<\/div><\/div><\/div><\/div><div id=\"pgc-gb524-69ec95985885d-2-3\"  class=\"panel-grid-cell panel-grid-cell-empty\" ><\/div><\/div><div id=\"pg-gb524-69ec95985885d-3\"  class=\"panel-grid panel-no-style\" ><div id=\"pgc-gb524-69ec95985885d-3-0\"  class=\"panel-grid-cell panel-grid-cell-empty\" ><div class=\"panel-cell-style panel-cell-style-for-gb524-69ec95985885d-3-0\" ><\/div><\/div><div id=\"pgc-gb524-69ec95985885d-3-1\"  class=\"panel-grid-cell\" ><div class=\"panel-cell-style panel-cell-style-for-gb524-69ec95985885d-3-1\" ><div id=\"panel-gb524-69ec95985885d-3-1-0\" class=\"so-panel widget widget_sow-editor panel-first-child panel-last-child\" data-index=\"5\" ><div\n\t\t\t\n\t\t\tclass=\"so-widget-sow-editor so-widget-sow-editor-base\"\n\t\t\t\n\t\t>\n<div class=\"siteorigin-widget-tinymce textwidget\">\n\t<p id=\"annual-blue-membership\" style=\"text-align: left;\">Para Negocios y Escuelas<br \/>\n<strong>Membres\u00eda Blue Anual<\/strong><br \/>\nTan baja como<\/p>\n<h3 style=\"text-align: left;\">US$24.99 \/mes<\/h3>\n<p style=\"text-align: left;\"><small>Cuando pagas 12 meses adelantados<\/small><\/p>\n<div class=\"swpm-payment-button\">\n<div class=\"swpm-button-wrapper swpm-pp-subscription-wrapper\">\n<form action=\"https:\/\/www.paypal.com\/cgi-bin\/webscr\" method=\"post\" ><input type=\"hidden\" name=\"cmd\" value=\"_xclick-subscriptions\" \/><input type=\"hidden\" name=\"charset\" value=\"utf-8\" \/><input type=\"hidden\" name=\"bn\" value=\"TipsandTricks_SP\" \/><input type=\"hidden\" name=\"business\" value=\"admin@icoeps.org\" \/><input type=\"hidden\" name=\"currency_code\" value=\"USD\" \/><input type=\"hidden\" name=\"item_number\" value=\"1009\" \/><input type=\"hidden\" name=\"item_name\" value=\"Annual Blue Membership 50%\" \/><input type=\"hidden\" name=\"a3\" value=\"149.94\" \/><input type=\"hidden\" name=\"p3\" value=\"12\" \/><input type=\"hidden\" name=\"t3\" value=\"M\" \/><input type=\"hidden\" name=\"sra\" value=\"1\" \/><input type=\"hidden\" name=\"src\" value=\"1\" \/><input type=\"hidden\" name=\"no_shipping\" value=\"1\" \/><input type=\"hidden\" name=\"notify_url\" value=\"https:\/\/icoeps.org\/?swpm_process_ipn=1\" \/><input type=\"hidden\" name=\"return\" value=\"https:\/\/icoeps.org\/membership-application\/\" \/><input type=\"hidden\" name=\"cancel_return\" value=\"https:\/\/icoeps.org\" \/><input type=\"hidden\" name=\"custom\" value=\"subsc_ref%3D4%26user_ip%3D216.73.217.38\" \/><input type=\"hidden\" name=\"image_url\" value=\"https:\/\/icoeps.org\/wp-content\/uploads\/2019\/11\/icoeps-paypal-checkout.png\" \/><input type=\"image\" src=\"https:\/\/icoeps.org\/wp-content\/uploads\/2019\/12\/subscribe-button-50Off.png\" class=\"swpm-subscription-button-submit\" alt=\"Suscr\u00edbete ahora\"\/><\/form>\n<\/div>\n<\/div>\n<div class=\"swpm-payment-button\">\n<div class=\"swpm-button-wrapper swpm-pp-subscription-wrapper\">\n<form action=\"https:\/\/www.paypal.com\/cgi-bin\/webscr\" method=\"post\" ><input type=\"hidden\" name=\"cmd\" value=\"_xclick-subscriptions\" \/><input type=\"hidden\" name=\"charset\" value=\"utf-8\" \/><input type=\"hidden\" name=\"bn\" value=\"TipsandTricks_SP\" \/><input type=\"hidden\" name=\"business\" value=\"admin@icoeps.org\" \/><input type=\"hidden\" name=\"currency_code\" value=\"USD\" \/><input type=\"hidden\" name=\"item_number\" value=\"597\" \/><input type=\"hidden\" name=\"item_name\" value=\"12 Months Blue Membership\" \/><input type=\"hidden\" name=\"a3\" value=\"299.88\" \/><input type=\"hidden\" name=\"p3\" value=\"12\" \/><input type=\"hidden\" name=\"t3\" value=\"M\" \/><input type=\"hidden\" name=\"sra\" value=\"1\" \/><input type=\"hidden\" name=\"src\" value=\"1\" \/><input type=\"hidden\" name=\"no_shipping\" value=\"1\" \/><input type=\"hidden\" name=\"notify_url\" value=\"https:\/\/icoeps.org\/?swpm_process_ipn=1\" \/><input type=\"hidden\" name=\"return\" value=\"https:\/\/icoeps.org\/membership-application\/\" \/><input type=\"hidden\" name=\"cancel_return\" value=\"https:\/\/icoeps.org\" \/><input type=\"hidden\" name=\"custom\" value=\"subsc_ref%3D4%26user_ip%3D216.73.217.38\" \/><input type=\"hidden\" name=\"image_url\" value=\"https:\/\/icoeps.org\/wp-content\/uploads\/2019\/11\/icoeps-paypal-checkout.png\" \/><input type=\"image\" src=\"https:\/\/icoeps.org\/wp-content\/uploads\/2019\/11\/subscribe-button.png\" class=\"swpm-subscription-button-submit\" alt=\"Suscr\u00edbete ahora\"\/><\/form>\n<\/div>\n<\/div>\n<div style=\"text-align: center;\"><small>Al proceder aceptas nuestra<br \/><a href=\"https:\/\/icoeps.org\/es\/privacy-policy\/\">pol\u00edtica de privacidad<\/a> &#8211; <a href=\"https:\/\/icoeps.org\/es\/terms-of-services\/\">t\u00e9rminos<\/a>.<\/small><\/div>\n<\/div>\n<\/div><\/div><\/div><\/div><div id=\"pgc-gb524-69ec95985885d-3-2\"  class=\"panel-grid-cell panel-grid-cell-empty panel-grid-cell-mobile-last\" ><div class=\"panel-cell-style panel-cell-style-for-gb524-69ec95985885d-3-2\" ><\/div><\/div><div id=\"pgc-gb524-69ec95985885d-3-3\"  class=\"panel-grid-cell panel-grid-cell-empty\" ><\/div><\/div><\/div>","protected":false},"excerpt":{"rendered":"","protected":false},"author":1,"featured_media":0,"parent":0,"menu_order":0,"comment_status":"closed","ping_status":"closed","template":"template-full-width-no-page-title.php","meta":{"footnotes":""},"class_list":["post-524","page","type-page","status-publish","hentry"],"aioseo_notices":[],"_links":{"self":[{"href":"https:\/\/icoeps.org\/es\/wp-json\/wp\/v2\/pages\/524","targetHints":{"allow":["GET"]}}],"collection":[{"href":"https:\/\/icoeps.org\/es\/wp-json\/wp\/v2\/pages"}],"about":[{"href":"https:\/\/icoeps.org\/es\/wp-json\/wp\/v2\/types\/page"}],"author":[{"embeddable":true,"href":"https:\/\/icoeps.org\/es\/wp-json\/wp\/v2\/users\/1"}],"replies":[{"embeddable":true,"href":"https:\/\/icoeps.org\/es\/wp-json\/wp\/v2\/comments?post=524"}],"version-history":[{"count":57,"href":"https:\/\/icoeps.org\/es\/wp-json\/wp\/v2\/pages\/524\/revisions"}],"predecessor-version":[{"id":1011,"href":"https:\/\/icoeps.org\/es\/wp-json\/wp\/v2\/pages\/524\/revisions\/1011"}],"wp:attachment":[{"href":"https:\/\/icoeps.org\/es\/wp-json\/wp\/v2\/media?parent=524"}],"curies":[{"name":"wp","href":"https:\/\/api.w.org\/{rel}","templated":true}]}}