{"id":439,"date":"2019-11-27T20:12:11","date_gmt":"2019-11-28T01:12:11","guid":{"rendered":"http:\/\/icoeps.org\/?page_id=439"},"modified":"2019-12-02T21:08:58","modified_gmt":"2019-12-03T02:08:58","slug":"accreditation","status":"publish","type":"page","link":"https:\/\/icoeps.org\/es\/accreditation\/","title":{"rendered":"Acreditaci\u00f3n"},"content":{"rendered":"<div id=\"pl-439\"  class=\"panel-layout\" ><div id=\"pg-439-0\"  class=\"panel-grid panel-no-style\" ><div id=\"pgc-439-0-0\"  class=\"panel-grid-cell panel-grid-cell-empty\" ><\/div><div id=\"pgc-439-0-1\"  class=\"panel-grid-cell panel-grid-cell-mobile-last\" ><div id=\"panel-439-0-1-0\" class=\"so-panel widget widget_sow-editor panel-first-child panel-last-child\" data-index=\"0\" ><div\n\t\t\t\n\t\t\tclass=\"so-widget-sow-editor so-widget-sow-editor-base\"\n\t\t\t\n\t\t>\n<div class=\"siteorigin-widget-tinymce textwidget\">\n\t<h1>Acreditaci\u00f3n<\/h1>\n<p>Como formador o escuela de formaci\u00f3n, puedes presentar tu programa de formaci\u00f3n espec\u00edfico para recibir nuestro sello de acreditaci\u00f3n a trav\u00e9s de un proceso de evaluaci\u00f3n individual.<\/p>\n<p>Env\u00eda tu solicitud a trav\u00e9s del siguiente formulario y te responderemos con informaci\u00f3n sobre los est\u00e1ndares m\u00ednimos requeridos para tu caso y sobre c\u00f3mo completar cualquier informaci\u00f3n adicional que consideremos necesaria.<\/p>\n<h3>Beneficios<\/h3>\n<ul>\n<li>Mayor apoyo para tu programa con la exhibici\u00f3n del sello de acreditaci\u00f3n.<\/li>\n<li>Preferencia de los estudiantes por tu programa de formaci\u00f3n, ya que las empresas y los individuos se inclinan a contratar profesionales capacitados con est\u00e1ndares avalados por una organizaci\u00f3n internacional.<\/li>\n<li>Muestra un mayor compromiso con los estudiantes y su campo de estudios presentando el programa al proceso de evaluaci\u00f3n.<\/li>\n<li>Fomenta la confianza del mercado a trav\u00e9s de auditor\u00edas regulares, imparciales e independientes de un organismo respetado internacionalmente.<\/li>\n<li>Promueve la coherencia y demuestra la equivalencia de las evaluaciones mediante el reconocimiento de sus estudiantes como revisores del acuerdo de acreditaci\u00f3n.<\/li>\n<li>La estandarizaci\u00f3n del programa de capacitaci\u00f3n se ve reflejado en una mejor presentaci\u00f3n y calidad.<\/li>\n<li>Inclusi\u00f3n en el directorio de formadores.<\/li>\n<li>Sus estudiantes (una vez certificados) pueden ser nuestros miembros con un descuento especial del 50%.<\/li>\n<li>Actualizaci\u00f3n permanente sobre tendencias en educaci\u00f3n vocacional y virtual.<\/li>\n<\/ul>\n<h3>Algunos Requisitos<\/h3>\n<ul>\n<li>Al menos un propietario, representante o l\u00edder del programa debe ser un <a href=\"http:\/\/icoeps.org\/es\/membership\/\">Miembro Gold<\/a> de iCOEPS para enviar el formulario en esta p\u00e1gina y mantener la membres\u00eda vigente durante el proceso.<\/li>\n<li>Su programa debe presentarse al p\u00fablico en una p\u00e1gina web normal con est\u00e1ndares que le haremos saber.<\/li>\n<li>Si no tiene una p\u00e1gina web, podemos ofrecerle una para ese prop\u00f3sito.<\/li>\n<li>Debe haber sido certificado y tener al menos 1 a\u00f1o de experiencia en el campo que desea ense\u00f1ar.<\/li>\n<li>Este requisito podr\u00eda diferir de un programa a otro.<\/li>\n<li>Si eres es el creador del programa que deseas ense\u00f1ar (t\u00e9cnica, ritual o metodolog\u00eda), podemos verificar el proceso y eventualmente certificarte en ese campo.<\/li>\n<li>Por favor, completa el formulario para verificar si hay m\u00e1s requisitos que sean necesarios.<\/li>\n<\/ul>\n<h3>Costo<\/h3>\n<p>Env\u00eda el formulario de Pre-Acreditaci\u00f3n lo m\u00e1s preciso posible y te responderemos con un presupuesto gratuito.<\/p>\n<p><img loading=\"lazy\" decoding=\"async\" class=\"aligncenter size-medium wp-image-384\" src=\"http:\/\/icoeps.org\/wp-content\/uploads\/2019\/11\/icoeps-accredited-seal-300x300.png\" alt=\"icoeps accredited seal\" width=\"300\" height=\"300\" srcset=\"https:\/\/icoeps.org\/wp-content\/uploads\/2019\/11\/icoeps-accredited-seal-300x300.png 300w, https:\/\/icoeps.org\/wp-content\/uploads\/2019\/11\/icoeps-accredited-seal-150x150.png 150w, https:\/\/icoeps.org\/wp-content\/uploads\/2019\/11\/icoeps-accredited-seal.png 512w\" sizes=\"auto, (max-width: 300px) 100vw, 300px\" \/><\/p>\n<h3>Formato de Pre-Acreditaci\u00f3n<\/h3>\n<\/div>\n<\/div><\/div><\/div><div id=\"pgc-439-0-2\"  class=\"panel-grid-cell panel-grid-cell-empty\" ><\/div><\/div><div id=\"pg-439-1\"  class=\"panel-grid panel-no-style\" ><div id=\"pgc-439-1-0\"  class=\"panel-grid-cell panel-grid-cell-empty\" ><\/div><div id=\"pgc-439-1-1\"  class=\"panel-grid-cell panel-grid-cell-mobile-last\" ><div id=\"panel-439-1-1-0\" class=\"widget_text so-panel widget widget_custom_html panel-first-child panel-last-child\" data-index=\"1\" ><div class=\"textwidget custom-html-widget\"><div class=\"forminator-ui forminator-custom-form forminator-custom-form-455 forminator-design--default  forminator_ajax\" data-forminator-render=\"0\" data-form=\"forminator-module-455\" data-uid=\"69ec81ae39896\"><br\/><\/div><form\n\t\t\t\tid=\"forminator-module-455\"\n\t\t\t\tclass=\"forminator-ui forminator-custom-form forminator-custom-form-455 forminator-design--default  forminator_ajax\"\n\t\t\t\tmethod=\"post\"\n\t\t\t\tdata-forminator-render=\"0\"\n\t\t\t\tdata-form-id=\"455\"\n\t\t\t\t\n\t\t\t\tdata-design=\"default\"\n\t\t\t\t\n\t\t\t\t\n\t\t\t\t\n\t\t\t\tdata-grid=\"open\"\n\t\t\t\t\n\t\t\t\t\n\t\t\t\tstyle=\"display: none;\"\n\t\t\t\t\n\t\t\t\tdata-uid=\"69ec81ae39896\" action=\"\"\n\t\t\t><div role=\"alert\" aria-live=\"polite\" class=\"forminator-response-message forminator-error\" aria-hidden=\"true\"><\/div><div class=\"forminator-row\"><div id=\"name-2\" class=\"forminator-field-name forminator-col forminator-col-12\"><div class=\"forminator-field\"><label for=\"forminator-field-name-2_69ec81ae39896\" id=\"forminator-field-name-2_69ec81ae39896-label\" class=\"forminator-label\">Formador (Persona o Escuela) <span class=\"forminator-required\">*<\/span><\/label><input type=\"text\" name=\"name-2\" value=\"\" placeholder=\"\" id=\"forminator-field-name-2_69ec81ae39896\" class=\"forminator-input forminator-name--field\" aria-required=\"true\" aria-describedby=\"forminator-field-name-2_69ec81ae39896-description\" \/><span id=\"forminator-field-name-2_69ec81ae39896-description\" class=\"forminator-description\">Nombre oficial del formador (persona o escuela)<\/span><\/div><\/div><\/div><div class=\"forminator-row\"><div id=\"name-1\" class=\"forminator-field-name forminator-col forminator-col-12\"><div class=\"forminator-field\"><label for=\"forminator-field-name-1_69ec81ae39896\" id=\"forminator-field-name-1_69ec81ae39896-label\" class=\"forminator-label\">Su Nombre y Apellido <span class=\"forminator-required\">*<\/span><\/label><input type=\"text\" name=\"name-1\" value=\"\" placeholder=\"\" id=\"forminator-field-name-1_69ec81ae39896\" class=\"forminator-input forminator-name--field\" aria-required=\"true\" \/><\/div><\/div><\/div><div class=\"forminator-row\"><div id=\"email-1\" class=\"forminator-field-email forminator-col forminator-col-6\"><div class=\"forminator-field\"><label for=\"forminator-field-email-1_69ec81ae39896\" id=\"forminator-field-email-1_69ec81ae39896-label\" class=\"forminator-label\">Direcci\u00f3n de Email <span class=\"forminator-required\">*<\/span><\/label><input type=\"email\" name=\"email-1\" value=\"\" placeholder=\"\" id=\"forminator-field-email-1_69ec81ae39896\" class=\"forminator-input forminator-email--field\" data-required=\"true\" aria-required=\"true\" \/><\/div><\/div><div id=\"phone-1\" class=\"forminator-field-phone forminator-col forminator-col-6\"><div class=\"forminator-field\"><label for=\"forminator-field-phone-1_69ec81ae39896\" id=\"forminator-field-phone-1_69ec81ae39896-label\" class=\"forminator-label\">Whatsapp <span class=\"forminator-required\">*<\/span><\/label><input type=\"text\" name=\"phone-1\" value=\"\" placeholder=\"E.g. +1 3004005000\" id=\"forminator-field-phone-1_69ec81ae39896\" class=\"forminator-input forminator-field--phone\" data-required=\"1\" aria-required=\"true\" autocomplete=\"off\" data-validation=\"1\" aria-describedby=\"forminator-field-phone-1_69ec81ae39896-description\" \/><span id=\"forminator-field-phone-1_69ec81ae39896-description\" class=\"forminator-description\">Recuerda agregar el c\u00f3digo de tu pa\u00eds<\/span><\/div><\/div><\/div><div class=\"forminator-row\"><div id=\"number-1\" class=\"forminator-field-number forminator-col forminator-col-6\"><div class=\"forminator-field\"><label for=\"forminator-field-number-1_69ec81ae39896\" id=\"forminator-field-number-1_69ec81ae39896-label\" class=\"forminator-label\">N\u00famero de Membres\u00eda <span class=\"forminator-required\">*<\/span><\/label><input name=\"number-1\" value=\"\" placeholder=\"E.g. 1127201900001\" id=\"forminator-field-number-1_69ec81ae39896\" class=\"forminator-input forminator-number--field\" inputmode=\"decimal\" data-required=\"1\" data-decimals=\"0\" aria-required=\"true\" data-inputmask=\"&#039;groupSeparator&#039;: &#039;&#039;, &#039;radixPoint&#039;: &#039;&#039;, &#039;digits&#039;: &#039;0&#039;\" type=\"number\" step=\"any\" min=\"13\" max=\"13\" aria-describedby=\"forminator-field-number-1_69ec81ae39896-description\" \/><span id=\"forminator-field-number-1_69ec81ae39896-description\" class=\"forminator-description\">Ingrese un n\u00famero de membres\u00eda Gold v\u00e1lido<\/span><\/div><\/div><div id=\"text-1\" class=\"forminator-field-text forminator-col forminator-col-6\"><div class=\"forminator-field\"><label for=\"forminator-field-text-1_69ec81ae39896\" id=\"forminator-field-text-1_69ec81ae39896-label\" class=\"forminator-label\">Relaci\u00f3n Con el Formador <span class=\"forminator-required\">*<\/span><\/label><input type=\"text\" name=\"text-1\" value=\"\" placeholder=\"E.g. Due\u00f1o, l\u00edder formador, misma persona\" id=\"forminator-field-text-1_69ec81ae39896\" class=\"forminator-input forminator-name--field\" data-required=\"1\" maxlength=\"40\" aria-describedby=\"forminator-field-text-1_69ec81ae39896-description\" \/><span id=\"forminator-field-text-1_69ec81ae39896-description\" class=\"forminator-description\">Cu\u00e1l es la relaci\u00f3n entre el Miebro Gold y  el Formador?<span data-limit=\"40\" data-type=\"characters\">0 \/ 40<\/span><\/span><\/div><\/div><\/div><div class=\"forminator-row\"><div id=\"url-2\" class=\"forminator-field-url forminator-col forminator-col-12\"><div class=\"forminator-field\"><label for=\"forminator-field-url-2_69ec81ae39896\" id=\"forminator-field-url-2_69ec81ae39896-label\" class=\"forminator-label\">T\u00edtulo del Programa <span class=\"forminator-required\">*<\/span><\/label><input type=\"url\" name=\"url-2\" value=\"\" placeholder=\"\" id=\"forminator-field-url-2_69ec81ae39896\" class=\"forminator-input forminator-website--field\" data-required=\"1\" aria-required=\"true\" aria-describedby=\"forminator-field-url-2_69ec81ae39896-description\" \/><span id=\"forminator-field-url-2_69ec81ae39896-description\" class=\"forminator-description\">T\u00edtulo del programa que desea acreditar<\/span><\/div><\/div><\/div><div class=\"forminator-row\"><div id=\"url-1\" class=\"forminator-field-url forminator-col forminator-col-12\"><div class=\"forminator-field\"><label for=\"forminator-field-url-1_69ec81ae39896\" id=\"forminator-field-url-1_69ec81ae39896-label\" class=\"forminator-label\">Website<\/label><input type=\"url\" name=\"url-1\" value=\"www.\" placeholder=\"\" id=\"forminator-field-url-1_69ec81ae39896\" class=\"forminator-input forminator-website--field\" data-required=\"\" aria-required=\"false\" aria-describedby=\"forminator-field-url-1_69ec81ae39896-description\" \/><span id=\"forminator-field-url-1_69ec81ae39896-description\" class=\"forminator-description\">P\u00e1gina de inicio o enlace al programa<\/span><\/div><\/div><\/div><div class=\"forminator-row\"><div id=\"text-2\" class=\"forminator-field-text forminator-col forminator-col-12\"><div class=\"forminator-field\"><label for=\"forminator-field-text-2_69ec81ae39896\" id=\"forminator-field-text-2_69ec81ae39896-label\" class=\"forminator-label\">Certificados <span class=\"forminator-required\">*<\/span><\/label><input type=\"text\" name=\"text-2\" value=\"\" placeholder=\"\" id=\"forminator-field-text-2_69ec81ae39896\" class=\"forminator-input forminator-name--field\" data-required=\"1\" maxlength=\"100\" aria-describedby=\"forminator-field-text-2_69ec81ae39896-description\" \/><span id=\"forminator-field-text-2_69ec81ae39896-description\" class=\"forminator-description\">Enumera las certificaciones que t\u00fa, tu escuela o tu formador pueden demostrar para apoyar el proceso de ense\u00f1anza.<span data-limit=\"100\" data-type=\"characters\">0 \/ 100<\/span><\/span><\/div><\/div><\/div><div class=\"forminator-row\"><div id=\"textarea-2\" class=\"forminator-field-textarea forminator-col forminator-col-12\"><div class=\"forminator-field\"><label for=\"forminator-field-textarea-2_69ec81ae39896\" id=\"forminator-field-textarea-2_69ec81ae39896-label\" class=\"forminator-label\">Eres el  Creador?<\/label><textarea name=\"textarea-2\" placeholder=\"Por favor expl\u00edcanos un poco\" id=\"forminator-field-textarea-2_69ec81ae39896\" class=\"forminator-textarea\" rows=\"6\" style=\"min-height:140px;\" aria-describedby=\"forminator-field-textarea-2_69ec81ae39896-description\" ><\/textarea><span id=\"forminator-field-textarea-2_69ec81ae39896-description\" class=\"forminator-description\">\u00bfEres el creador del programa que quieres ense\u00f1ar (t\u00e9cnica, ritual o metodolog\u00eda)?<\/span><\/div><\/div><\/div><div class=\"forminator-row\"><div id=\"textarea-5\" class=\"forminator-field-textarea forminator-col forminator-col-12\"><div class=\"forminator-field\"><div class=\"forminator-field--label\"><label for=\"forminator-wp-editor-forminator-field-textarea-5_69ec81ae39896\" id=\"forminator-label-forminator-field-textarea-5_69ec81ae39896\" class=\"forminator-label\">Describe el Proceso<\/label><\/div><div id=\"wp-forminator-wp-editor-forminator-field-textarea-5_69ec81ae39896-wrap\" class=\"wp-core-ui wp-editor-wrap tmce-active\"><link rel='stylesheet' id='dashicons-css' href='https:\/\/icoeps.org\/wp-includes\/css\/dashicons.min.css?ver=6.9.4' type='text\/css' media='all' \/>\n<link rel='stylesheet' id='editor-buttons-css' href='https:\/\/icoeps.org\/wp-includes\/css\/editor.min.css?ver=6.9.4' type='text\/css' media='all' \/>\n<div id=\"wp-forminator-wp-editor-forminator-field-textarea-5_69ec81ae39896-editor-tools\" class=\"wp-editor-tools hide-if-no-js\"><div class=\"wp-editor-tabs\"><button type=\"button\" id=\"forminator-wp-editor-forminator-field-textarea-5_69ec81ae39896-tmce\" aria-pressed=\"true\" class=\"wp-switch-editor switch-tmce\" data-wp-editor-id=\"forminator-wp-editor-forminator-field-textarea-5_69ec81ae39896\">Visual<\/button>\n<button type=\"button\" id=\"forminator-wp-editor-forminator-field-textarea-5_69ec81ae39896-html\" class=\"wp-switch-editor switch-html\" data-wp-editor-id=\"forminator-wp-editor-forminator-field-textarea-5_69ec81ae39896\">C\u00f3digo<\/button>\n<\/div>\n<\/div>\n<div id=\"wp-forminator-wp-editor-forminator-field-textarea-5_69ec81ae39896-editor-container\" class=\"wp-editor-container\"><div id=\"qt_forminator-wp-editor-forminator-field-textarea-5_69ec81ae39896_toolbar\" class=\"quicktags-toolbar hide-if-no-js\"><\/div><textarea class=\"forminator-textarea wp-editor-area\" style=\"height: 140px\" autocomplete=\"off\" cols=\"40\" name=\"textarea-5\" id=\"forminator-wp-editor-forminator-field-textarea-5_69ec81ae39896\"><\/textarea><\/div>\n<\/div>\n\n<span id=\"forminator-wp-editor-forminator-field-textarea-5_69ec81ae39896-description\" class=\"forminator-description\">Por favor, explica lo m\u00e1s detallado posible la descripci\u00f3n del proceso que has creado<\/span><\/div><\/div><\/div><div class=\"forminator-row\"><div id=\"textarea-6\" class=\"forminator-field-textarea forminator-col forminator-col-12\"><div class=\"forminator-field\"><label for=\"forminator-field-textarea-6_69ec81ae39896\" id=\"forminator-field-textarea-6_69ec81ae39896-label\" class=\"forminator-label\">Mensaje<\/label><textarea name=\"textarea-6\" placeholder=\"\" id=\"forminator-field-textarea-6_69ec81ae39896\" class=\"forminator-textarea\" rows=\"6\" style=\"min-height:140px;\" aria-describedby=\"forminator-field-textarea-6_69ec81ae39896-description\" ><\/textarea><span id=\"forminator-field-textarea-6_69ec81ae39896-description\" class=\"forminator-description\">Agrega cualquier pregunta o comentario adicional que nos ayude a acelerar el proceso<\/span><\/div><\/div><\/div><div class=\"forminator-row\"><div id=\"gdprcheckbox-1\" class=\"forminator-field-gdprcheckbox forminator-col forminator-col-12\"><div class=\"forminator-field\"><label for=\"forminator-field-gdprcheckbox-1_69ec81ae39896\" id=\"forminator-field-gdprcheckbox-1_69ec81ae39896-label\" class=\"forminator-label\">GDPR <span class=\"forminator-required\">*<\/span><\/label><label for=\"forminator-field-gdprcheckbox-1_69ec81ae39896\" class=\"forminator-checkbox\"><input type=\"checkbox\" name=\"gdprcheckbox-1\" value=\"true\" id=\"forminator-field-gdprcheckbox-1_69ec81ae39896\" data-required=\"true\" aria-required=\"true\" \/><span class=\"forminator-checkbox-box\" aria-hidden=\"true\"><\/span><span class=\"forminator-checkbox-label\"><p>Si, Yo estoy de acuerdo con la <a href=\"https:\/\/icoeps.org\/es\/privacy-policy\/\">pol\u00edtica de privacidad<\/a>, <a href=\"https:\/\/icoeps.org\/es\/terms-of-services\/\">y los t\u00e9rminos del servicio<\/a><br \/><small>iCOEPS respeta tu privacidad. No venderemos ni compartiremos tu informaci\u00f3n y puedes optar por no recibir nuestros mensajes cuando lo desees.<\/small><\/p><\/span><\/label><\/div><\/div><\/div><div class=\"forminator-row\"><div id=\"captcha-1\" class=\"forminator-field-captcha forminator-col forminator-col-12\"><div class=\"forminator-captcha-left forminator-g-recaptcha\" data-theme=\"light\"  data-sitekey=\"6LeUN8QUAAAAAFJZkMMwKVEWre-UhXlk0yDel7S_\" data-size=\"normal\"><\/div> <\/div><\/div><div class=\"forminator-row forminator-hidden\"><input type=\"hidden\" id=\"hidden-1_69ec81ae39896\" name=\"hidden-1\" value=\"216.73.217.38\" \/><\/div><input type=\"hidden\" name=\"referer_url\" value=\"\" \/><div class=\"forminator-row forminator-row-last\"><div class=\"forminator-col\"><div class=\"forminator-field\"><button class=\"forminator-button forminator-button-submit\">ENVIAR FORMULARIO<\/button><\/div><\/div><\/div><input type=\"hidden\" id=\"forminator_nonce\" name=\"forminator_nonce\" value=\"e23b83b5d2\" \/><input type=\"hidden\" name=\"_wp_http_referer\" value=\"\/es\/wp-json\/wp\/v2\/pages\/439\" \/><input type=\"hidden\" name=\"form_id\" value=\"455\"><input type=\"hidden\" name=\"page_id\" value=\"0\"><input type=\"hidden\" name=\"form_type\" value=\"\"><input type=\"hidden\" name=\"current_url\" value=\"\"><input type=\"hidden\" name=\"render_id\" value=\"0\"><input type=\"hidden\" name=\"action\" value=\"forminator_submit_form_custom-forms\"><input type=\"hidden\" name=\"trp-form-language\" value=\"es\"\/><\/form><\/div><\/div><\/div><div id=\"pgc-439-1-2\"  class=\"panel-grid-cell panel-grid-cell-empty\" ><\/div><\/div><\/div>","protected":false},"excerpt":{"rendered":"","protected":false},"author":1,"featured_media":0,"parent":0,"menu_order":0,"comment_status":"closed","ping_status":"closed","template":"template-full-width-no-page-title.php","meta":{"footnotes":""},"class_list":["post-439","page","type-page","status-publish","hentry"],"aioseo_notices":[],"_links":{"self":[{"href":"https:\/\/icoeps.org\/es\/wp-json\/wp\/v2\/pages\/439","targetHints":{"allow":["GET"]}}],"collection":[{"href":"https:\/\/icoeps.org\/es\/wp-json\/wp\/v2\/pages"}],"about":[{"href":"https:\/\/icoeps.org\/es\/wp-json\/wp\/v2\/types\/page"}],"author":[{"embeddable":true,"href":"https:\/\/icoeps.org\/es\/wp-json\/wp\/v2\/users\/1"}],"replies":[{"embeddable":true,"href":"https:\/\/icoeps.org\/es\/wp-json\/wp\/v2\/comments?post=439"}],"version-history":[{"count":26,"href":"https:\/\/icoeps.org\/es\/wp-json\/wp\/v2\/pages\/439\/revisions"}],"predecessor-version":[{"id":686,"href":"https:\/\/icoeps.org\/es\/wp-json\/wp\/v2\/pages\/439\/revisions\/686"}],"wp:attachment":[{"href":"https:\/\/icoeps.org\/es\/wp-json\/wp\/v2\/media?parent=439"}],"curies":[{"name":"wp","href":"https:\/\/api.w.org\/{rel}","templated":true}]}}