{"id":406,"date":"2019-11-26T14:04:21","date_gmt":"2019-11-26T19:04:21","guid":{"rendered":"http:\/\/icoeps.org\/?page_id=406"},"modified":"2019-12-12T19:21:46","modified_gmt":"2019-12-13T00:21:46","slug":"terms-of-services","status":"publish","type":"page","link":"https:\/\/icoeps.org\/es\/terms-of-services\/","title":{"rendered":"T\u00e9rminos"},"content":{"rendered":"<div id=\"pl-406\"  class=\"panel-layout\" ><div id=\"pg-406-0\"  class=\"panel-grid panel-no-style\" ><div id=\"pgc-406-0-0\"  class=\"panel-grid-cell\" ><div id=\"panel-406-0-0-0\" class=\"so-panel widget widget_sow-editor panel-first-child panel-last-child\" data-index=\"0\" ><div\n\t\t\t\n\t\t\tclass=\"so-widget-sow-editor so-widget-sow-editor-base\"\n\t\t\t\n\t\t>\n<div class=\"siteorigin-widget-tinymce textwidget\">\n\t<p>iCOEPS, est\u00e1 comprometido en promover las mejores pr\u00e1cticas en cualquier tipo de servicio que busque el desarrollo emocional, personal y espiritual del ser humano a trav\u00e9s de los est\u00e1ndares que garantizan la preparaci\u00f3n m\u00e1s completa de los profesionales en dichos campos.<\/p>\n<p>Estos T\u00e9rminos del servicio (\"T\u00e9rminos\") describen nuestros compromisos con usted y sus derechos y responsabilidades al usar nuestros servicios. L\u00e9alos detenidamente y comun\u00edquese con nosotros si tiene alguna pregunta.<\/p>\n<h3>T\u00e9rminos del Servicio<\/h3>\n<p>Estos T\u00e9rminos rigen su acceso y uso de icoeps.org, as\u00ed como todo el contenido y los productos y servicios de icoeps.org (por ejemplo, listas, seminarios web, membres\u00edas y acreditaciones) disponibles en o a trav\u00e9s de este sitio web.<\/p>\n<p>Estos T\u00e9rminos tambi\u00e9n rigen el acceso de los visitantes y el uso de los sitios web que utilizan nuestros Servicios, que son operados por nuestros usuarios. Por favor ent\u00e9rese de nuestra <a href=\"https:\/\/icoeps.org\/es\/privacy-policy\/\">Pol\u00edtica de Privacidad<\/a>.<\/p>\n<p>Nuestros servicios se ofrecen sujetos a su aceptaci\u00f3n, sin modificaci\u00f3n alguna de los t\u00e9rminos y condiciones contenidos en este documento y todas las dem\u00e1s reglas, pol\u00edticas y procedimientos operativos que iCOEPS puede publicar peri\u00f3dicamente (colectivamente, el \"Acuerdo\"). Usted acepta que podemos actualizar autom\u00e1ticamente nuestros Servicios, y el Acuerdo se aplicar\u00e1 a cualquier actualizaci\u00f3n.<\/p>\n<p>Lea atentamente el Acuerdo antes de acceder o utilizar nuestros Servicios. Al acceder o utilizar cualquier parte de nuestros Servicios, usted acepta quedar obligado por el Acuerdo. Si no est\u00e1 de acuerdo con todos los t\u00e9rminos del Acuerdo, no debe acceder ni utilizar nuestros Servicios.<\/p>\n<h3>1. Quien Es Quien<\/h3>\n<p>En estos T\u00e9rminos, \"usted\" se aplica tanto a las personas como a las entidades que acceden o utilizan nuestros Servicios. Si usted es una persona que utiliza nuestros Servicios en nombre de una entidad, declara y garantiza que tiene la autoridad para vincular esa entidad al Acuerdo y que al utilizar nuestros Servicios, est\u00e1 aceptando el Acuerdo en nombre de esa entidad .<\/p>\n<p>Definiciones<\/p>\n<ul>\n<li>Usuario: Cualquier persona que visita nuestro sitio web.<\/li>\n<li>Miembro: Cualquier usuario que cumpliendo con los requisitos, ha decidido optar por alguna de nuestras membres\u00edas y que ha sido aprobado en cualquiera de los niveles ofrecidos: Green, Gold, Blue, Team.<\/li>\n<li>Afiliado: Cualquier miembro que ha decidido hacer parte de y ha sido aprobado en el programa de referidos que le permite generar ingresos por comisi\u00f3n.<\/li>\n<li>Certificado: Cualquier miembro que ha recibido un certificado iCOEPS tras demostrar sus competencias en el campo que se certifica.<\/li>\n<li>Acreditado: Se refiere a un programa de formaci\u00f3n que ha recibido el sello de acreditaci\u00f3n iCOEPS correspondiente a los est\u00e1ndares definidos para el \u00e1rea de desarrollo bien sea esta emocional, personal o espiritual.<\/li>\n<\/ul>\n<h3>2. Nuestra Lista y Su Cuenta<\/h3>\n<p>Cuando el uso de nuestros Servicios requiere una cuenta, usted acepta proporcionarnos informaci\u00f3n completa y precisa cuando se registra en nuestra lista o cuando se registra para una cuenta (por ejemplo de membres\u00eda). Esto es importante porque a veces es posible que necesitemos enviarle actualizaciones notables (por ejemplo, sobre cambios en nuestros T\u00e9rminos de servicio o Pol\u00edtica de privacidad), o podemos querer informarle y tomar decisiones informadas en respuesta a consultas o quejas legales.<\/p>\n<p>Usted ser\u00e1 el \u00fanico responsable de cualquier actividad que ocurra en su cuenta. Usted es responsable de mantener actualizada la informaci\u00f3n de su cuenta, de usar una contrase\u00f1a fuerte y de mantenerla segura.<\/p>\n<p>Usted es responsable de mantener la seguridad de su cuenta y de cualquier sitio web, tienda u otro contenido relacionado con el Servicio, y es totalmente responsable de todas las actividades que ocurran en su cuenta y de cualquier otra acci\u00f3n tomada en relaci\u00f3n con nuestros Servicios. No deber\u00e1 compartir ni utilizar indebidamente sus credenciales de acceso. Debe notificarnos de inmediato sobre cualquier uso no autorizado de su cuenta, tienda o sitio web, o sobre cualquier otra violaci\u00f3n de seguridad. No seremos responsables de ning\u00fan acto u omisi\u00f3n por su parte, incluidos los da\u00f1os de cualquier tipo incurridos como resultado de dichos actos u omisiones.<\/p>\n<p>When you send any of our contact or service forms and \/ or if you have an icoeps.com account, we consider that as a relationship of interest about our products and services, which means that we can contact you to share more details about what we have to offer. Do not worry; if you are not interested in getting more information, you can choose not to receive marketing communication, be it an email, a phone call or a text message.<\/p>\n<h3>3. Requisitos de Edad M\u00ednima<\/h3>\n<p>Nuestros servicios no est\u00e1n dirigidos a ni\u00f1os. El acceso y uso de nuestros Servicios es solo para mayores de 18 a\u00f1os (o 16 en la Uni\u00f3n Europea). Si es m\u00e1s joven que esto, no puede registrarse ni utilizar nuestros Servicios. Cualquier persona que se registre como usuario o proporcione su informaci\u00f3n personal a nuestros Servicios declara que tiene 18 a\u00f1os o m\u00e1s (o 16 a\u00f1os o m\u00e1s en la Uni\u00f3n Europea).<\/p>\n<h3>4. Responsabilidad de los visitantes y usuarios<\/h3>\n<p>No hemos revisado, y no podemos revisar, todo el contenido (como entre otros, textos, fotos, videos, audios, c\u00f3digos, software, art\u00edculos en venta u otros materiales) publicado en nuestros Servicios por los usuarios o cualquier otra persona y no somos responsables del uso o los efectos de dicho Contenido. Tampoco hemos revisado, y no podemos revisar, todo el material, incluido el software inform\u00e1tico, puesto a disposici\u00f3n a trav\u00e9s de los sitios web y p\u00e1ginas web que enlazan o est\u00e1n enlazados desde icoeps.org o nuestros otros Servicios.<\/p>\n<h3>Propiedad<\/h3>\n<p>Todo el contenido de este sitio web, como textos, gr\u00e1ficos, logotipos, sellos, iconos, im\u00e1genes, audios y videos, descargas digitales, compilaciones de datos y software, es propiedad nuestra o de nuestros licenciantes o licenciatarios, y la compilaci\u00f3n de los contenidos en el sitio web es nuestra propiedad exclusiva, protegida por las leyes de los Estados Unidos de Am\u00e9rica y por las leyes internacionales de \"derechos de autor\", tratados y convenciones.<\/p>\n<p>Nuestras marcas no pueden usarse en conexi\u00f3n con ning\u00fan producto o servicio que no sea el nuestro, de ninguna manera que pueda causar confusi\u00f3n entre los usuarios o que menoscabe o desacredite nuestro nombre o el de cualquier otra persona o entidad. Todas las dem\u00e1s marcas que no son de nuestra propiedad y que aparecen en el sitio web son propiedad de sus respectivos due\u00f1os, quienes pueden o no estar afiliados, vinculados o patrocinados por nosotros.<\/p>\n<h3>6. Licencia Limitada y Protecci\u00f3n Contra Fraudes<\/h3>\n<p>Le otorgamos una licencia limitada para acceder y hacer uso personal del sitio web. El contenido de este sitio web o de cualquier otro sitio de Internet de nuestra propiedad, operado, licenciado o controlado por nosotros no puede ser copiado, reproducido, republicado, descargado, cargado, publicado, transmitido o distribuido de ninguna manera con fines comerciales, excepto que usted puede descargar una (1) copia de los contenidos que ponemos a disposici\u00f3n para dichos fines en una sola computadora para su uso personal, no comercial y dom\u00e9stico, y que usted lo usa solo, siempre que:<\/p>\n<p>a) mantenga intactos todos los avisos de derechos de autor, marcas registradas y otros derechos de propiedad,<br \/>\n(b) no modifique ninguno de los Contenidos,<br \/>\n(c) no use el Contenido de una manera que sugiera una asociaci\u00f3n con cualquiera de nuestros productos, servicios o marcas, y<br \/>\n(d) no descargue contenido para evitar futuras descargas del sitio web. Su uso del Contenido en cualquier otro sitio web o entorno inform\u00e1tico est\u00e1 estrictamente prohibido.<\/p>\n<p>La licencia otorgada a usted no incluye, y excluye espec\u00edficamente, los derechos para: revender o hacer uso comercial del sitio web o cualquier contenido, recopilar y usar listas de productos, descripciones o precios; haga cualquier uso derivado del sitio web o del contenido, descargue o copie informaci\u00f3n de la cuenta en beneficio de cualquier otra persona, o use cualquier forma de transmisi\u00f3n de datos, robots o herramientas similares de recolecci\u00f3n y extracci\u00f3n, a menos que dichas acciones est\u00e9n relacionadas y autorizadas bajo su cuenta de Afiliado para lo cual necesita o necesitar\u00e1 aceptar los respectivos T\u00e9rminos en el \u00e1rea de Afiliados de este sitio web. Cualquier uso no autorizado de nuestro sitio web, su contenido y \/ o nuestros programas, finaliza autom\u00e1ticamente la licencia, sello, membres\u00eda, afiliaci\u00f3n, certificaci\u00f3n o acreditaci\u00f3n otorgada. Se le otorga un derecho limitado a modificar el tama\u00f1o del logotipo que otorgamos con nuestra membres\u00eda o acreditaci\u00f3n, siempre y cuando se mantengan las proporciones de alto en relaci\u00f3n con el ancho y la nitidez de la imagen,  solo con el prop\u00f3sito de adaptarlo a su sitio web o redes sociales; sin embargo, tanto el hiperv\u00ednculo (enlace) como el t\u00edtulo y la descripci\u00f3n deben mantenerse intactos.<\/p>\n<p>Para obtener m\u00e1s informaci\u00f3n sobre c\u00f3mo protegerse del fraude en Internet, lo invitamos a visitar el sitio web de \"La Comisi\u00f3n Federal de Comercio de EE. UU. - Consejos de seguridad de la FTC\".<\/p>\n<h3>7. T\u00e9rminos y condiciones de membres\u00eda y acreditaci\u00f3n<\/h3>\n<ul>\n<li>Al enviar la acreditaci\u00f3n y \/ o la solicitud de membres\u00eda, el solicitante confirma y certifica que: Los datos incluidos en el formulario son v\u00e1lidos y verdaderos.<\/li>\n<li>Su membres\u00eda ser\u00e1 v\u00e1lida durante el plazo del pago y el m\u00e9todo de pago con el que se haya suscrito; de lo contrario, se cancelar\u00e1.<\/li>\n<li>Adem\u00e1s, comprende que si por alg\u00fan motivo iCOEPS descubre que usted viol\u00f3 nuestros T\u00e9rminos de servicio, su membres\u00eda ser\u00e1 cancelada.<\/li>\n<li>Usted sabe y comprende que puede cancelar su membres\u00eda o acreditaci\u00f3n en cualquier momento, pero acepta que si queda alg\u00fan tiempo para la fecha que representa la validez de la membres\u00eda o acreditaci\u00f3n, no se puede reclamar como un reembolso de dinero.<\/li>\n<li>iCOEPS no ofrece un reembolso de dinero a menos que se mencione espec\u00edficamente en el servicio, producto o promoci\u00f3n correspondiente.<\/li>\n<li>Usted acepta que su foto de perfil y videos testimoniales u otros que nos haya enviado puedan usarse para fines promocionales de iCOEPS, ya que esto contribuye a su crecimiento y a una mayor exposici\u00f3n de su perfil y de nuestros servicios.<\/li>\n<li>Al ser miembro de iCOEPS, usted acepta que podamos tomar fotos y\/o videos de su persona, ya sea en eventos en vivo, en eventos en l\u00ednea o a trav\u00e9s de descarga desde sus redes sociales con fines promocionales de iCOEPS y de sus programas y para su propio perfil profesional.<\/li>\n<li>Usted se compromete a respetar el sello de membres\u00eda que se le ha otorgado y a darle el tratamiento de honor que se merece y representa.<\/li>\n<li>Usted se compromete seriamente a conocer y seguir las reglas de nuestra comunidad en el grupo privado de Facebook.<\/li>\n<li>Usted sabe y comprende que podr\u00eda ser necesario incluir algunos T\u00e9rminos y condiciones adicionales que pueden firmarse electr\u00f3nicamente en un archivo que se enviar\u00e1 por correo electr\u00f3nico o por medio de terceros como DocuSign u otros. en ese caso, tendr\u00e1 derecho a leer y aceptar estos t\u00e9rminos antes de firmar electr\u00f3nicamente el documento.<\/li>\n<li>No somos responsables del acuerdo en el que puede participar desde nuestro sitio web con terceros, como aseguradoras, escuelas y otros.<\/li>\n<li>Usted es responsable de la precisi\u00f3n de la informaci\u00f3n de su p\u00e1gina de perfil. Si encuentra algo para corregir o actualizar, puede enviarnos un correo electr\u00f3nico.<\/li>\n<li>Para los miembros con el beneficio de aparecer en nuestra p\u00e1gina de inicio, se entiende que su foto aparecer\u00e1 al azar, as\u00ed como la de otros miembros en un carrusel de im\u00e1genes que est\u00e1n girando o de una manera similar que permite la mayor exposici\u00f3n posible.<\/li>\n<li>Para los miembros con el beneficio de realizar seminarios web, dichos seminarios web deben programarse con un espectro m\u00ednimo de 30 d\u00edas de anticipaci\u00f3n y depender\u00e1n de la disponibilidad de la sala de medios (normalmente Zoom).<\/li>\n<li>Para los miembros con el beneficio de promocionar sus servicios a trav\u00e9s de nuestra lista, esa promoci\u00f3n debe programarse con un espectro m\u00ednimo de 8 d\u00edas de anticipaci\u00f3n y podr\u00eda compartirse el espacio en nuestro bolet\u00edn con otros servicios promocionados.<\/li>\n<li>Como miembro Green, Gold, Blue o Team, no tendr\u00e1 derecho a utilizar nuestra plataforma (sitios web, webinarios, redes sociales, reuniones o cualquier otro) para promocionar sus cursos a menos que iCOEPS los haya acreditado.<\/li>\n<li>Cuando se suscribe a trav\u00e9s de PayPal o cualquier otro sistema de pago, usted acepta que PayPal (u otro sistema de pago que haya autorizado) cobrar\u00e1 por su membres\u00eda indefinidamente durante el per\u00edodo en que la mantiene activa y durante los ciclos de suscripci\u00f3n. Ejemplo 1: Si se suscribe a la Membres\u00eda Green Mensual, se le cobrar\u00e1 cada mes por el monto de esa membres\u00eda (quiz\u00e1s US$11.99 cada vez). Ejemplo 2: si se suscribe a la Membres\u00eda Gold anual, se le cobrar\u00e1 cada 12 meses por el monto de esa membres\u00eda (quiz\u00e1s US$143.88 cada vez).<\/li>\n<li>Si desea suspender su membres\u00eda, debe tener en cuenta las siguientes observaciones: a) Puede suspender el cobro directamente en su cuenta de pago (PayPal u otra) antes de la renovaci\u00f3n (mensual o anual) y no tendr\u00e1 derecho a un reembolso. En cualquier caso, la membres\u00eda seguir\u00e1 siendo v\u00e1lida durante el tiempo correspondiente al pago. b) Puede escribir a iCOEPS y solicitar la cancelaci\u00f3n de su membres\u00eda y se procesar\u00e1 dentro de los pr\u00f3ximos 10 d\u00edas h\u00e1biles, por lo que acepta no hacerlo en menos d\u00edas para evitar el pr\u00f3ximo cargo por incumplimiento de esta parte de los T\u00e9rminos que no ser\u00e1n reembolsados. c) Si PayPal o cualquier otro sistema de pago que haya autorizado no puede deducir los fondos correspondientes para la renovaci\u00f3n de su membres\u00eda, esta se cancelar\u00e1 autom\u00e1ticamente.<\/li>\n<li>Si bien puede ver una versi\u00f3n en Espa\u00f1ol de nuestro sitio web, usted acepta que la informaci\u00f3n y el contenido del \u00e1rea de miembros y del \u00e1rea de afiliados est\u00e1 principalmente en ingl\u00e9s.<\/li>\n<li>Aunque ofrecemos un servicio internacional, usted es responsable de cumplir con las leyes de su campo de servicios, su pa\u00eds o regi\u00f3n y, por lo tanto, declara que iCOEPS est\u00e1 exento de cualquier responsabilidad por tal asunto o por cualquier reclamo que cualquier cliente o estudiante suyo pueda tener o formular.<\/li>\n<\/ul>\n<h3>8. Salvaguardias de protecci\u00f3n<\/h3>\n<p>Puede configurar su navegador para aceptar, o no, las cookies que recibe o para que el navegador le notifique cuando un servidor quiera guardar una cookie o eliminarla de su computadora. Puede encontrar las instrucciones en la configuraci\u00f3n de seguridad de su navegador web. Tambi\u00e9n puede usar la secci\u00f3n \"Ayuda\" que encontrar\u00e1 en la barra de herramientas de la mayor\u00eda de los navegadores para cambiar la configuraci\u00f3n de su computadora; sin embargo, algunas de las caracter\u00edsticas de nuestros servicios en l\u00ednea pueden no funcionar o ser m\u00e1s complicadas. Acceda si rechaza todas las cookies. Los navegadores m\u00e1s populares le permiten activar un modo privado a trav\u00e9s del cual las cookies siempre se eliminan despu\u00e9s de su visita. Dependiendo de cada navegador, este modo privado puede tener diferentes nombres, a continuaci\u00f3n puede encontrar una lista de los navegadores m\u00e1s comunes y los diferentes nombres de este \"modo privado\":<\/p>\n<p>- Internet Explorer 8 and higher: InPrivate<br \/>\n- FireFox 3.5 and higher: Private Browsing<br \/>\n- Google Chrome 10 and higher: Incognito<br \/>\n- Safari 2 and higher: Private Browsing<br \/>\n- Opera 10.5 and higher: Private Browsing<\/p>\n<p>Lea atentamente la secci\u00f3n de ayuda de su navegador para obtener m\u00e1s informaci\u00f3n sobre c\u00f3mo activar el \"modo privado\". Puede continuar visitando nuestro sitio web incluso si su navegador est\u00e1 en \"modo privado\", sin embargo, la experiencia del usuario puede no ser \u00f3ptima y algunas utilidades pueden no funcionar.<\/p>\n<p>La informaci\u00f3n contenida en esta p\u00e1gina de T\u00e9rminos del Servicio puede modificarse en cualquier momento sin previo aviso, por lo que le invitamos a suscribirse a nuestro bolet\u00edn o visitar este enlace peri\u00f3dicamente.<\/p>\n<p>No dude en contactarnos si tiene alguna pregunta sobre la informaci\u00f3n contenida en esta p\u00e1gina.<\/p>\n<\/div>\n<\/div><\/div><\/div><\/div><\/div>","protected":false},"excerpt":{"rendered":"","protected":false},"author":1,"featured_media":0,"parent":0,"menu_order":0,"comment_status":"closed","ping_status":"closed","template":"","meta":{"footnotes":""},"class_list":["post-406","page","type-page","status-publish","hentry"],"aioseo_notices":[],"_links":{"self":[{"href":"https:\/\/icoeps.org\/es\/wp-json\/wp\/v2\/pages\/406","targetHints":{"allow":["GET"]}}],"collection":[{"href":"https:\/\/icoeps.org\/es\/wp-json\/wp\/v2\/pages"}],"about":[{"href":"https:\/\/icoeps.org\/es\/wp-json\/wp\/v2\/types\/page"}],"author":[{"embeddable":true,"href":"https:\/\/icoeps.org\/es\/wp-json\/wp\/v2\/users\/1"}],"replies":[{"embeddable":true,"href":"https:\/\/icoeps.org\/es\/wp-json\/wp\/v2\/comments?post=406"}],"version-history":[{"count":19,"href":"https:\/\/icoeps.org\/es\/wp-json\/wp\/v2\/pages\/406\/revisions"}],"predecessor-version":[{"id":919,"href":"https:\/\/icoeps.org\/es\/wp-json\/wp\/v2\/pages\/406\/revisions\/919"}],"wp:attachment":[{"href":"https:\/\/icoeps.org\/es\/wp-json\/wp\/v2\/media?parent=406"}],"curies":[{"name":"wp","href":"https:\/\/api.w.org\/{rel}","templated":true}]}}