{"id":256,"date":"2019-11-23T15:01:17","date_gmt":"2019-11-23T20:01:17","guid":{"rendered":"http:\/\/icoeps.org\/?page_id=256"},"modified":"2019-12-23T03:26:32","modified_gmt":"2019-12-23T08:26:32","slug":"about-us","status":"publish","type":"page","link":"https:\/\/icoeps.org\/es\/about-us\/","title":{"rendered":"SOBRE ICOPES"},"content":{"rendered":"<div id=\"pl-256\"  class=\"panel-layout\" ><div id=\"pg-256-0\"  class=\"panel-grid panel-no-style\" ><div id=\"pgc-256-0-0\"  class=\"panel-grid-cell\" ><div id=\"panel-256-0-0-0\" class=\"so-panel widget widget_sow-editor panel-first-child panel-last-child\" data-index=\"0\" ><div\n\t\t\t\n\t\t\tclass=\"so-widget-sow-editor so-widget-sow-editor-base\"\n\t\t\t\n\t\t>\n<div class=\"siteorigin-widget-tinymce textwidget\">\n\t<p>iCOEPS est\u00e1 constantemente creando y evaluando est\u00e1ndares de calidad que se aplican tanto a programas de capacitaci\u00f3n como a profesionales que se entrenan en el desarrollo emocional, personal y espiritual del ser humano integral.<\/p>\n<p>Estamos conformados por un grupo multidisciplinario de profesionales que abogan por el cumplimiento de estos est\u00e1ndares y que est\u00e1n aqu\u00ed para apoyarte en su implementaci\u00f3n para facilitar tu trabajo, para mejorar tu pr\u00e1ctica y para que tengas m\u00e1s clientes seguros y satisfechos.<\/p>\n<h2>Miembros del Equipo<\/h2>\n<\/div>\n<\/div><\/div><\/div><\/div><div id=\"pg-256-1\"  class=\"panel-grid panel-no-style\" ><div id=\"pgc-256-1-0\"  class=\"panel-grid-cell\" ><div id=\"panel-256-1-0-0\" class=\"so-panel widget widget_sow-image panel-first-child panel-last-child\" data-index=\"1\" ><div\n\t\t\t\n\t\t\tclass=\"so-widget-sow-image so-widget-sow-image-default-8b5b6f678277-256\"\n\t\t\t\n\t\t>\n<div class=\"sow-image-container\">\n\t\t<img \n\tsrc=\"https:\/\/icoeps.org\/wp-content\/uploads\/2019\/11\/mariulis-rodriguez.jpg\" width=\"304\" height=\"406\" srcset=\"https:\/\/icoeps.org\/wp-content\/uploads\/2019\/11\/mariulis-rodriguez.jpg 304w, https:\/\/icoeps.org\/wp-content\/uploads\/2019\/11\/mariulis-rodriguez-225x300.jpg 225w\" sizes=\"(max-width: 304px) 100vw, 304px\" title=\"mariulis rodriguez\" alt=\"mariulis rodriguez\" \t\tclass=\"so-widget-image\"\/>\n\t<\/div>\n\n<\/div><\/div><\/div><div id=\"pgc-256-1-1\"  class=\"panel-grid-cell\" ><div id=\"panel-256-1-1-0\" class=\"so-panel widget widget_sow-editor panel-first-child panel-last-child\" data-index=\"2\" ><div\n\t\t\t\n\t\t\tclass=\"so-widget-sow-editor so-widget-sow-editor-base\"\n\t\t\t\n\t\t>\n<div class=\"siteorigin-widget-tinymce textwidget\">\n\t<p><strong>Dra. MARIULIS RODRIGUEZ<\/strong><br \/>\nPresidente iCOEPS<\/p>\n<hr \/>\n<p><strong>Ubicaci\u00f3n:<\/strong> Miami, Florida<br \/>\nDoctora en Psicolog\u00eda<br \/>\nMaster en Consejer\u00eda Cl\u00ednica<br \/>\nCoach de Vida y Escritora<br \/>\nInstructor Certificado de Firewalking<br \/>\nCreadora de \"Descubre Tu Poder Interior\"<\/p>\n<\/div>\n<\/div><\/div><\/div><\/div><div id=\"pg-256-2\"  class=\"panel-grid panel-no-style\" ><div id=\"pgc-256-2-0\"  class=\"panel-grid-cell\" ><div id=\"panel-256-2-0-0\" class=\"so-panel widget widget_sow-image panel-first-child panel-last-child\" data-index=\"3\" ><div\n\t\t\t\n\t\t\tclass=\"so-widget-sow-image so-widget-sow-image-default-8b5b6f678277-256\"\n\t\t\t\n\t\t>\n<div class=\"sow-image-container\">\n\t\t<img \n\tsrc=\"https:\/\/icoeps.org\/wp-content\/uploads\/2019\/11\/charly-relano.jpg\" width=\"304\" height=\"406\" srcset=\"https:\/\/icoeps.org\/wp-content\/uploads\/2019\/11\/charly-relano.jpg 304w, https:\/\/icoeps.org\/wp-content\/uploads\/2019\/11\/charly-relano-225x300.jpg 225w\" sizes=\"(max-width: 304px) 100vw, 304px\" title=\"charly rela\u00f1o\" alt=\"charly rela\u00f1o\" \t\tclass=\"so-widget-image\"\/>\n\t<\/div>\n\n<\/div><\/div><\/div><div id=\"pgc-256-2-1\"  class=\"panel-grid-cell\" ><div id=\"panel-256-2-1-0\" class=\"so-panel widget widget_sow-editor panel-first-child panel-last-child\" data-index=\"4\" ><div\n\t\t\t\n\t\t\tclass=\"so-widget-sow-editor so-widget-sow-editor-base\"\n\t\t\t\n\t\t>\n<div class=\"siteorigin-widget-tinymce textwidget\">\n\t<p><strong>CHARLY RELA\u00d1O<\/strong><br \/>\nComit\u00e9: Desarrollo Emocional y Personal<\/p>\n<hr \/>\n<p><strong>Ubicaci\u00f3n:<\/strong> Madrid, Espa\u00f1a<br \/>\nPerito en Hipnosis y T\u00e9cnicas de Sugesti\u00f3n<br \/>\nFacilitador y MentorCoach<br \/>\nExperto en Franquicias y Consejero de Negocios<br \/>\nInstructor Certificado de Firewalking<br \/>\nCreador de \"HipnoEmpowerment\"<\/p>\n<\/div>\n<\/div><\/div><\/div><\/div><div id=\"pg-256-3\"  class=\"panel-grid panel-no-style\" ><div id=\"pgc-256-3-0\"  class=\"panel-grid-cell\" ><div id=\"panel-256-3-0-0\" class=\"so-panel widget widget_sow-image panel-first-child panel-last-child\" data-index=\"5\" ><div\n\t\t\t\n\t\t\tclass=\"so-widget-sow-image so-widget-sow-image-default-8b5b6f678277-256\"\n\t\t\t\n\t\t>\n<div class=\"sow-image-container\">\n\t\t<img \n\tsrc=\"https:\/\/icoeps.org\/wp-content\/uploads\/2019\/11\/tony-marin.jpg\" width=\"304\" height=\"406\" srcset=\"https:\/\/icoeps.org\/wp-content\/uploads\/2019\/11\/tony-marin.jpg 304w, https:\/\/icoeps.org\/wp-content\/uploads\/2019\/11\/tony-marin-225x300.jpg 225w\" sizes=\"(max-width: 304px) 100vw, 304px\" title=\"dr tony marin\" alt=\"dr tony marin\" \t\tclass=\"so-widget-image\"\/>\n\t<\/div>\n\n<\/div><\/div><\/div><div id=\"pgc-256-3-1\"  class=\"panel-grid-cell\" ><div id=\"panel-256-3-1-0\" class=\"so-panel widget widget_sow-editor panel-first-child panel-last-child\" data-index=\"6\" ><div\n\t\t\t\n\t\t\tclass=\"so-widget-sow-editor so-widget-sow-editor-base\"\n\t\t\t\n\t\t>\n<div class=\"siteorigin-widget-tinymce textwidget\">\n\t<p><strong>Dr. TONY MARIN<\/strong><br \/>\nComit\u00e9: Desarrollo Emocional y Espiritual<\/p>\n<hr \/>\n<p><strong>Ubicaci\u00f3n:<\/strong> Barranquilla, Colombia<br \/>\nM\u00e9dico y Especialista en Medicina Cu\u00e1ntica<br \/>\nInstructor en Sanaci\u00f3n Espiritual Por Arquetipos<\/p>\n<\/div>\n<\/div><\/div><\/div><\/div><div id=\"pg-256-4\"  class=\"panel-grid panel-no-style\" ><div id=\"pgc-256-4-0\"  class=\"panel-grid-cell\" ><div id=\"panel-256-4-0-0\" class=\"so-panel widget widget_sow-image panel-first-child panel-last-child\" data-index=\"7\" ><div\n\t\t\t\n\t\t\tclass=\"so-widget-sow-image so-widget-sow-image-default-8b5b6f678277-256\"\n\t\t\t\n\t\t>\n<div class=\"sow-image-container\">\n\t\t<img \n\tsrc=\"https:\/\/icoeps.org\/wp-content\/uploads\/2019\/11\/anna-fortea.jpg\" width=\"304\" height=\"406\" srcset=\"https:\/\/icoeps.org\/wp-content\/uploads\/2019\/11\/anna-fortea.jpg 304w, https:\/\/icoeps.org\/wp-content\/uploads\/2019\/11\/anna-fortea-225x300.jpg 225w\" sizes=\"(max-width: 304px) 100vw, 304px\" title=\"anna fortea\" alt=\"anna fortea\" \t\tclass=\"so-widget-image\"\/>\n\t<\/div>\n\n<\/div><\/div><\/div><div id=\"pgc-256-4-1\"  class=\"panel-grid-cell\" ><div id=\"panel-256-4-1-0\" class=\"so-panel widget widget_sow-editor panel-first-child panel-last-child\" data-index=\"8\" ><div\n\t\t\t\n\t\t\tclass=\"so-widget-sow-editor so-widget-sow-editor-base\"\n\t\t\t\n\t\t>\n<div class=\"siteorigin-widget-tinymce textwidget\">\n\t<p><strong>ANNA FORTEA<\/strong><br \/>\nComit\u00e9: Desarrollo Emocional y Personal<\/p>\n<hr \/>\n<p><strong>Ubicaci\u00f3n:<\/strong> Valencia, Espa\u00f1a<br \/>\nMaster en Neurociencias y Licenciada en Derecho<br \/>\nCoach Profesional y Coach Formador<br \/>\nExperta en Neurocoaching e Inteligencia Emocional<br \/>\nMaster en Administraci\u00f3n de Negocios<br \/>\nPresidente de INA, Asociaci\u00f3n Internacional de Neurocoaching<\/p>\n<\/div>\n<\/div><\/div><\/div><\/div><div id=\"pg-256-5\"  class=\"panel-grid panel-no-style\" ><div id=\"pgc-256-5-0\"  class=\"panel-grid-cell\" ><div id=\"panel-256-5-0-0\" class=\"so-panel widget widget_sow-image panel-first-child panel-last-child\" data-index=\"9\" ><div\n\t\t\t\n\t\t\tclass=\"so-widget-sow-image so-widget-sow-image-default-8b5b6f678277-256\"\n\t\t\t\n\t\t>\n<div class=\"sow-image-container\">\n\t\t<img \n\tsrc=\"https:\/\/icoeps.org\/wp-content\/uploads\/2019\/11\/eagle-joe.jpg\" width=\"304\" height=\"406\" srcset=\"https:\/\/icoeps.org\/wp-content\/uploads\/2019\/11\/eagle-joe.jpg 304w, https:\/\/icoeps.org\/wp-content\/uploads\/2019\/11\/eagle-joe-225x300.jpg 225w\" sizes=\"(max-width: 304px) 100vw, 304px\" title=\"eagle joe\" alt=\"eagle joe\" \t\tclass=\"so-widget-image\"\/>\n\t<\/div>\n\n<\/div><\/div><\/div><div id=\"pgc-256-5-1\"  class=\"panel-grid-cell\" ><div id=\"panel-256-5-1-0\" class=\"so-panel widget widget_sow-editor panel-first-child panel-last-child\" data-index=\"10\" ><div\n\t\t\t\n\t\t\tclass=\"so-widget-sow-editor so-widget-sow-editor-base\"\n\t\t\t\n\t\t>\n<div class=\"siteorigin-widget-tinymce textwidget\">\n\t<p><strong>IRON EAGLE JOE<\/strong><br \/>\nComit\u00e9: Desarrollo Emocional y Espiritual<\/p>\n<hr \/>\n<p><strong>Ubicaci\u00f3n:<\/strong> West Palm Beach, Florida<br \/>\nApache Nativo<br \/>\nM\u00e9dico Deport\u00f3logo y Musico Terapeuta<br \/>\nMaster en T\u00e9cnicas Ancestrales de Sanaci\u00f3n<br \/>\nColaborador en el grupo cient\u00edfico del Dr. Masuro Emoto \" Water Peace Proyect\"<\/p>\n<\/div>\n<\/div><\/div><\/div><\/div><div id=\"pg-256-6\"  class=\"panel-grid panel-no-style\" ><div id=\"pgc-256-6-0\"  class=\"panel-grid-cell\" ><div id=\"panel-256-6-0-0\" class=\"so-panel widget widget_sow-image panel-first-child panel-last-child\" data-index=\"11\" ><div\n\t\t\t\n\t\t\tclass=\"so-widget-sow-image so-widget-sow-image-default-8b5b6f678277-256\"\n\t\t\t\n\t\t>\n<div class=\"sow-image-container\">\n\t\t<img \n\tsrc=\"https:\/\/icoeps.org\/wp-content\/uploads\/2019\/11\/martin-orozco.jpg\" width=\"304\" height=\"406\" srcset=\"https:\/\/icoeps.org\/wp-content\/uploads\/2019\/11\/martin-orozco.jpg 304w, https:\/\/icoeps.org\/wp-content\/uploads\/2019\/11\/martin-orozco-225x300.jpg 225w\" sizes=\"(max-width: 304px) 100vw, 304px\" title=\"martin orozco\" alt=\"martin orozco\" \t\tclass=\"so-widget-image\"\/>\n\t<\/div>\n\n<\/div><\/div><\/div><div id=\"pgc-256-6-1\"  class=\"panel-grid-cell\" ><div id=\"panel-256-6-1-0\" class=\"so-panel widget widget_sow-editor panel-first-child panel-last-child\" data-index=\"12\" ><div\n\t\t\t\n\t\t\tclass=\"so-widget-sow-editor so-widget-sow-editor-base\"\n\t\t\t\n\t\t>\n<div class=\"siteorigin-widget-tinymce textwidget\">\n\t<p><strong>MARTIN OROZCO<\/strong><br \/>\nComit\u00e9: Desarrollo Personal y Espiritual<\/p>\n<hr \/>\n<p><strong>Ubicaci\u00f3n:<\/strong> Kendall, Florida<br \/>\nEconomista y Administrador<br \/>\nExperto en Inteligencia Emocional<br \/>\nCoach Profesional y Coach Formador<br \/>\nFundador y Presidente AIDCP, Asociaci\u00f3n Internacional de Coaches Profesionales<\/p>\n<\/div>\n<\/div><\/div><\/div><\/div><div id=\"pg-256-7\"  class=\"panel-grid panel-no-style\" ><div id=\"pgc-256-7-0\"  class=\"panel-grid-cell\" ><div id=\"panel-256-7-0-0\" class=\"so-panel widget widget_sow-image panel-first-child panel-last-child\" data-index=\"13\" ><div\n\t\t\t\n\t\t\tclass=\"so-widget-sow-image so-widget-sow-image-default-8b5b6f678277-256\"\n\t\t\t\n\t\t>\n<div class=\"sow-image-container\">\n\t\t<img \n\tsrc=\"https:\/\/icoeps.org\/wp-content\/uploads\/2019\/12\/gabriela-sanchez2.jpg\" width=\"304\" height=\"406\" srcset=\"https:\/\/icoeps.org\/wp-content\/uploads\/2019\/12\/gabriela-sanchez2.jpg 304w, https:\/\/icoeps.org\/wp-content\/uploads\/2019\/12\/gabriela-sanchez2-225x300.jpg 225w\" sizes=\"(max-width: 304px) 100vw, 304px\" title=\"gabriela sanchez\" alt=\"gabriela sanchez\" \t\tclass=\"so-widget-image\"\/>\n\t<\/div>\n\n<\/div><\/div><\/div><div id=\"pgc-256-7-1\"  class=\"panel-grid-cell\" ><div id=\"panel-256-7-1-0\" class=\"so-panel widget widget_sow-editor panel-first-child panel-last-child\" data-index=\"14\" ><div\n\t\t\t\n\t\t\tclass=\"so-widget-sow-editor so-widget-sow-editor-base\"\n\t\t\t\n\t\t>\n<div class=\"siteorigin-widget-tinymce textwidget\">\n\t<p><strong>GABRIELA SANCHEZ-SILVA<\/strong><br \/>\nComit\u00e9: Marketing<\/p>\n<hr \/>\n<p><strong>Ubicaci\u00f3n:<\/strong> Hallandale Beach, FL<br \/>\nBachelor in Business Administration, Associate's degree in Marketing<br \/>\nBachelors of Science (BS) - Advertising<br \/>\nCertification - StartUp Training Program<br \/>\nMarketing, Advertisement and Social Media Business Consultant -<br \/>\nSpecialized in development of Integral Marketing Strategies for Entrepreneurs<\/p>\n<\/div>\n<\/div><\/div><\/div><\/div><div id=\"pg-256-8\"  class=\"panel-grid panel-no-style\" ><div id=\"pgc-256-8-0\"  class=\"panel-grid-cell\" ><div id=\"panel-256-8-0-0\" class=\"so-panel widget widget_sow-button panel-first-child panel-last-child\" data-index=\"15\" ><div\n\t\t\t\n\t\t\tclass=\"so-widget-sow-button so-widget-sow-button-wire-144c983c4712-256\"\n\t\t\t\n\t\t><div class=\"ow-button-base ow-button-align-left\"\n>\n\t\t\t<a\n\t\t\t\t\thref=\"http:\/\/icoeps.org\/es\/membership\/\"\n\t\t\t\t\tclass=\"sowb-button ow-icon-placement-left ow-button-hover\" \t>\n\t\t<span>\n\t\t\t\n\t\t\tHazte Miembro\t\t<\/span>\n\t\t\t<\/a>\n\t<\/div>\n<\/div><\/div><\/div><\/div><\/div>","protected":false},"excerpt":{"rendered":"","protected":false},"author":1,"featured_media":0,"parent":0,"menu_order":0,"comment_status":"closed","ping_status":"closed","template":"","meta":{"footnotes":""},"class_list":["post-256","page","type-page","status-publish","hentry"],"aioseo_notices":[],"_links":{"self":[{"href":"https:\/\/icoeps.org\/es\/wp-json\/wp\/v2\/pages\/256","targetHints":{"allow":["GET"]}}],"collection":[{"href":"https:\/\/icoeps.org\/es\/wp-json\/wp\/v2\/pages"}],"about":[{"href":"https:\/\/icoeps.org\/es\/wp-json\/wp\/v2\/types\/page"}],"author":[{"embeddable":true,"href":"https:\/\/icoeps.org\/es\/wp-json\/wp\/v2\/users\/1"}],"replies":[{"embeddable":true,"href":"https:\/\/icoeps.org\/es\/wp-json\/wp\/v2\/comments?post=256"}],"version-history":[{"count":38,"href":"https:\/\/icoeps.org\/es\/wp-json\/wp\/v2\/pages\/256\/revisions"}],"predecessor-version":[{"id":1029,"href":"https:\/\/icoeps.org\/es\/wp-json\/wp\/v2\/pages\/256\/revisions\/1029"}],"wp:attachment":[{"href":"https:\/\/icoeps.org\/es\/wp-json\/wp\/v2\/media?parent=256"}],"curies":[{"name":"wp","href":"https:\/\/api.w.org\/{rel}","templated":true}]}}