{"id":136,"date":"2019-11-20T20:14:13","date_gmt":"2019-11-21T01:14:13","guid":{"rendered":"http:\/\/icoeps.org\/?page_id=136"},"modified":"2019-12-23T19:40:13","modified_gmt":"2019-12-24T00:40:13","slug":"home","status":"publish","type":"page","link":"https:\/\/icoeps.org\/es\/","title":{"rendered":"Home"},"content":{"rendered":"<div id=\"pl-136\"  class=\"panel-layout\" ><div id=\"pg-136-0\"  class=\"panel-grid panel-has-style\" ><div class=\"panel-row-style panel-row-style-for-136-0\" ><div id=\"pgc-136-0-0\"  class=\"panel-grid-cell\" ><div id=\"panel-136-0-0-0\" class=\"so-panel widget widget_sow-editor panel-first-child\" data-index=\"0\" ><div\n\t\t\t\n\t\t\tclass=\"so-widget-sow-editor so-widget-sow-editor-base\"\n\t\t\t\n\t\t>\n<div class=\"siteorigin-widget-tinymce textwidget\">\n\t<h2>BIENVENIDOS A iCOEPS<\/h2>\n<p>Somos el \"Consejo Internacional para el Desarrollo Emocional, Personal y Espiritual\"; Un organismo independiente que desarrolla est\u00e1ndares y ofrece apoyo para Profesionales, escuelas y programas en diferentes campos como terapias alternativas y ancestrales, holismo, t\u00e9cnicas de liberaci\u00f3n emocional, coaching, sanaci\u00f3n cu\u00e1ntica y mucho m\u00e1s. ICOEPS acredita programas de formaci\u00f3n en estos campos que son ofrecidos por profesionales y escuelas en los Estados Unidos y en todo el mundo.<\/p>\n<\/div>\n<\/div><\/div><div id=\"panel-136-0-0-1\" class=\"so-panel widget widget_sow-button panel-last-child\" data-index=\"1\" ><div class=\"panel-widget-style panel-widget-style-for-136-0-0-1\" ><div\n\t\t\t\n\t\t\tclass=\"so-widget-sow-button so-widget-sow-button-wire-144c983c4712-136\"\n\t\t\t\n\t\t><div class=\"ow-button-base ow-button-align-left\"\n>\n\t\t\t<a\n\t\t\t\t\thref=\"http:\/\/icoeps.org\/es\/accreditation\/\"\n\t\t\t\t\tclass=\"sowb-button ow-icon-placement-left ow-button-hover\" \t>\n\t\t<span>\n\t\t\t\n\t\t\tAcredita Tus Programas\t\t<\/span>\n\t\t\t<\/a>\n\t<\/div>\n<\/div><\/div><\/div><\/div><div id=\"pgc-136-0-1\"  class=\"panel-grid-cell\" ><div id=\"panel-136-0-1-0\" class=\"so-panel widget widget_sow-image panel-first-child panel-last-child\" data-index=\"2\" ><div\n\t\t\t\n\t\t\tclass=\"so-widget-sow-image so-widget-sow-image-default-8b5b6f678277-136\"\n\t\t\t\n\t\t>\n<div class=\"sow-image-container\">\n\t\t<img \n\tsrc=\"https:\/\/icoeps.org\/wp-content\/uploads\/2019\/11\/icoeps-accredited-seal.png\" width=\"512\" height=\"512\" srcset=\"https:\/\/icoeps.org\/wp-content\/uploads\/2019\/11\/icoeps-accredited-seal.png 512w, https:\/\/icoeps.org\/wp-content\/uploads\/2019\/11\/icoeps-accredited-seal-300x300.png 300w, https:\/\/icoeps.org\/wp-content\/uploads\/2019\/11\/icoeps-accredited-seal-150x150.png 150w\" sizes=\"(max-width: 512px) 100vw, 512px\" title=\"sello de acreditacion\" alt=\"icoeps accredited seal\" \t\tclass=\"so-widget-image\"\/>\n\t<\/div>\n\n<\/div><\/div><\/div><\/div><\/div><div id=\"pg-136-1\"  class=\"panel-grid panel-has-style\" ><div class=\"siteorigin-panels-stretch panel-row-style panel-row-style-for-136-1\" data-stretch-type=\"full\" ><div id=\"pgc-136-1-0\"  class=\"panel-grid-cell\" ><div id=\"panel-136-1-0-0\" class=\"so-panel widget widget_sow-image panel-first-child panel-last-child\" data-index=\"3\" ><div\n\t\t\t\n\t\t\tclass=\"so-widget-sow-image so-widget-sow-image-default-8b5b6f678277-136\"\n\t\t\t\n\t\t>\n<div class=\"sow-image-container\">\n\t\t<img \n\tsrc=\"https:\/\/icoeps.org\/wp-content\/uploads\/2019\/11\/entrepreneur-1001611_1920.jpg\" width=\"512\" height=\"512\" srcset=\"https:\/\/icoeps.org\/wp-content\/uploads\/2019\/11\/entrepreneur-1001611_1920.jpg 512w, https:\/\/icoeps.org\/wp-content\/uploads\/2019\/11\/entrepreneur-1001611_1920-300x300.jpg 300w, https:\/\/icoeps.org\/wp-content\/uploads\/2019\/11\/entrepreneur-1001611_1920-150x150.jpg 150w\" sizes=\"(max-width: 512px) 100vw, 512px\" title=\"crece tu pr\u00e1ctica\" alt=\"grow your practice\" \t\tclass=\"so-widget-image\"\/>\n\t<\/div>\n\n<\/div><\/div><\/div><div id=\"pgc-136-1-1\"  class=\"panel-grid-cell\" ><div id=\"panel-136-1-1-0\" class=\"so-panel widget widget_sow-editor panel-first-child\" data-index=\"4\" ><div\n\t\t\t\n\t\t\tclass=\"so-widget-sow-editor so-widget-sow-editor-base\"\n\t\t\t\n\t\t>\n<div class=\"siteorigin-widget-tinymce textwidget\">\n\t<h2 style=\"text-align: right;\">NUESTRO COMPROMISO<\/h2>\n<p style=\"text-align: right;\">Construir relaciones s\u00f3lidas para una comunidad mejor preparada en el ofrecimiento de servicios para el desarrollo del ser humano integral.<\/p>\n<p style=\"text-align: right;\">Encuentra el apoyo que necesitas tanto para la preparaci\u00f3n de tus servicios como para hacerlos crecer a trav\u00e9s de tu membres\u00eda y con nuestro sello de acreditaci\u00f3n. Cada d\u00eda m\u00e1s programas buscan nuestro apoyo.<\/p>\n<\/div>\n<\/div><\/div><div id=\"panel-136-1-1-1\" class=\"so-panel widget widget_sow-button panel-last-child\" data-index=\"5\" ><div class=\"panel-widget-style panel-widget-style-for-136-1-1-1\" ><div\n\t\t\t\n\t\t\tclass=\"so-widget-sow-button so-widget-sow-button-wire-cf3794441014-136\"\n\t\t\t\n\t\t><div class=\"ow-button-base ow-button-align-right\"\n>\n\t\t\t<a\n\t\t\t\t\thref=\"http:\/\/icoeps.org\/es\/membership\/\"\n\t\t\t\t\tclass=\"sowb-button ow-icon-placement-right ow-button-hover\" \t>\n\t\t<span>\n\t\t\t\n\t\t\tHazte Miembro\t\t<\/span>\n\t\t\t<\/a>\n\t<\/div>\n<\/div><\/div><\/div><\/div><\/div><\/div><\/div>","protected":false},"excerpt":{"rendered":"","protected":false},"author":1,"featured_media":0,"parent":0,"menu_order":0,"comment_status":"closed","ping_status":"closed","template":"template-full-width-no-page-title.php","meta":{"footnotes":""},"class_list":["post-136","page","type-page","status-publish","hentry"],"aioseo_notices":[],"_links":{"self":[{"href":"https:\/\/icoeps.org\/es\/wp-json\/wp\/v2\/pages\/136","targetHints":{"allow":["GET"]}}],"collection":[{"href":"https:\/\/icoeps.org\/es\/wp-json\/wp\/v2\/pages"}],"about":[{"href":"https:\/\/icoeps.org\/es\/wp-json\/wp\/v2\/types\/page"}],"author":[{"embeddable":true,"href":"https:\/\/icoeps.org\/es\/wp-json\/wp\/v2\/users\/1"}],"replies":[{"embeddable":true,"href":"https:\/\/icoeps.org\/es\/wp-json\/wp\/v2\/comments?post=136"}],"version-history":[{"count":51,"href":"https:\/\/icoeps.org\/es\/wp-json\/wp\/v2\/pages\/136\/revisions"}],"predecessor-version":[{"id":1034,"href":"https:\/\/icoeps.org\/es\/wp-json\/wp\/v2\/pages\/136\/revisions\/1034"}],"wp:attachment":[{"href":"https:\/\/icoeps.org\/es\/wp-json\/wp\/v2\/media?parent=136"}],"curies":[{"name":"wp","href":"https:\/\/api.w.org\/{rel}","templated":true}]}}